{"id":5990,"date":"2025-05-25T18:58:03","date_gmt":"2025-05-25T23:58:03","guid":{"rendered":"https:\/\/colorado.doubleupfoodbucks.org\/acerca-de-double-up-food-bucks\/"},"modified":"2025-08-27T15:45:18","modified_gmt":"2025-08-27T20:45:18","slug":"acerca-de-double-up-food-bucks","status":"publish","type":"page","link":"https:\/\/doubleupcolorado.org\/es\/acerca-de-double-up-food-bucks\/","title":{"rendered":"Acerca de Double Up Food Bucks"},"content":{"rendered":"\n<h1>\n\t\t\tAcerca de Double Up Food Bucks\t<\/h1>\n\t\t\t\t<img decoding=\"async\" src=\"https:\/\/doubleupcolorado.org\/wp-content\/uploads\/sites\/24\/2025\/08\/eyufs2cxsximespz1e3.svg\" alt=\"eyufs2cxsximespz1e3\" itemprop=\"image\" height=\"181\" width=\"386\" title=\"eyufs2cxsximespz1e3\" onerror=\"this.style.display='none'\" loading=\"lazy\" \/>\n\t<p>M\u00e1s alimentos sanos para Colorado, m\u00e1s negocio para los agricultores y m\u00e1s dinero para las comunidades locales.<\/p>\n\t\t\t\t<img decoding=\"async\" src=\"https:\/\/doubleupcolorado.org\/wp-content\/uploads\/sites\/16\/2020\/10\/arrow_down_white.svg\" alt=\"arrow_down_white\" itemprop=\"image\" height=\"32\" width=\"18\" title=\"arrow_down_white\" onerror=\"this.style.display='none'\" loading=\"lazy\" \/>\n\t\t\t\t<img decoding=\"async\" src=\"https:\/\/doubleupcolorado.org\/wp-content\/uploads\/sites\/16\/2020\/11\/wave_bottom2.svg\" alt=\"wave_bottom2\" itemprop=\"image\" height=\"112\" width=\"1367\" title=\"wave_bottom2\" onerror=\"this.style.display='none'\" loading=\"lazy\" \/>\n    Ir a<br \/>    \n        <a href=\"#why-double-up\">Por qu\u00e9 Double Up<\/a><br \/>        <a href=\"#our-impact\">Nuestro impacto<\/a><br \/>        <a href=\"#our-story\">Nuestra historia<\/a><br \/>        <a href=\"#our-partners\">Nuestros socios<\/a><br \/>    <br \/>    Ir a <br \/>\n<h2>\n\t\t\t\u00bfPor qu\u00e9 necesitamos Double Up?\t<\/h2>\n\t<p>Demasiadas familias luchan por llevar a casa los alimentos saludables que necesitan para prosperar. Cada a\u00f1o, los residentes de Colorado utilizan SNAP para ayudar a poner comida en la mesa.<\/p>\n<p>Estamos trabajando por un Colorado donde todos tengan mayor acceso a frutas y verduras frescas y nutritivas.<\/p>\n<p>Double Up Food Bucks es un programa de <a href=\"https:\/\/nourishcolorado.org\/\">Nourish Colorado<\/a>. Iguala los d\u00f3lares de EBT o SNAP con vales que se pueden gastar en frutas y verduras frescas cultivadas en Colorado, hierbas frescas, frijoles secos y semillas o inicios que producen alimentos, hasta $20 por d\u00eda.<\/p>\n<p>Esto significa m\u00e1s alimentos sanos para las familias, m\u00e1s negocio para los agricultores locales y un impulso para las econom\u00edas locales. Todos salimos ganando.<\/p>\n<p><strong>Double Up Food Bucks:<\/strong><\/p>\n<ul>\n<li>Pone al alcance de todos frutas y verduras cultivadas localmente.<\/li>\n<li>Crea nuevos mercados para los agricultores de Colorado, lo que pone m\u00e1s dinero en sus bolsillos y fortalece las econom\u00edas locales.<\/li>\n<li>Aumenta el dinero de las familias para alimentos y apoya una mejor nutrici\u00f3n, al tiempo que construye un sistema alimentario m\u00e1s justo, desde la granja hasta el tenedor.<\/li>\n<\/ul>\n\t\t\t\t<img decoding=\"async\" src=\"https:\/\/doubleupcolorado.org\/wp-content\/uploads\/sites\/16\/2020\/11\/wave_bottom3.svg\" alt=\"wave_bottom3\" itemprop=\"image\" height=\"166\" width=\"1367\" title=\"wave_bottom3\" onerror=\"this.style.display='none'\" loading=\"lazy\" \/>\n<h2>\n\t\t\tDouble Up es una victoria para todos\t<\/h2>\n\t<p>Con Double Up, las familias que reciben beneficios de SNAP obtienen el apoyo para duplicar su poder adquisitivo, y reciben una igualaci\u00f3n d\u00f3lar por d\u00f3lar en las compras elegibles para SNAP, hasta $20 por d\u00eda.<\/p>\n<p>Y la cereza del pastel: estas compras apoyan a los agricultores locales y crean econom\u00edas locales m\u00e1s vibrantes.<\/p>\n\t\t\t\t<img decoding=\"async\" src=\"https:\/\/doubleupcolorado.org\/wp-content\/uploads\/sites\/24\/2025\/03\/c6bb65b7-8a0e-484b-8bb1-f16244805465.svg\" alt=\"c6bb65b7-8a0e-484b-8bb1-f16244805465\" itemprop=\"image\" height=\"71\" width=\"51\" title=\"c6bb65b7-8a0e-484b-8bb1-f16244805465\" onerror=\"this.style.display='none'\" loading=\"lazy\" \/>\n\t<h2>Personas y familias<\/h2>\n\t<p>En 2023, Double Up se utiliz\u00f3 para comprar 1,2 millones de d\u00f3lares en frutas y verduras. Eso es un mont\u00f3n de alimentos para un mont\u00f3n de gente.<\/p>\n<p>Y m\u00e1s del 90% de los que utilizaron Double Up en los mercados de agricultores comieron m\u00e1s frutas y verduras, como manzanas, melones, pepinos y br\u00f3coli. Nos parece estupendo. \u00a1Un durazno de Palisade!<\/p>\n\t\t\t\t<img decoding=\"async\" src=\"https:\/\/doubleupcolorado.org\/wp-content\/uploads\/sites\/24\/2025\/03\/eggplant.svg\" alt=\"eggplant\" itemprop=\"image\" height=\"243\" width=\"179\" title=\"eggplant\" onerror=\"this.style.display='none'\" loading=\"lazy\" \/>\n\t<h2>Agricultores<\/h2>\n\t<p>De los agricultores que participaron en Double Up, el 90% vendi\u00f3 m\u00e1s frutas y verduras, y el 85% gan\u00f3 m\u00e1s dinero.<\/p>\n<p>Con mayores ventas, algunos agricultores pudieron ampliar su producci\u00f3n e incluso comprar o alquilar nuevos equipos, lo que supuso un impulso especial para los agricultores que acaban de empezar.<\/p>\n\t\t\t\t<img decoding=\"async\" src=\"https:\/\/doubleupcolorado.org\/wp-content\/uploads\/sites\/16\/2020\/11\/watermelon.svg\" alt=\"\" itemprop=\"image\" onerror=\"this.style.display='none'\" loading=\"lazy\" \/>\n\t<h2>Econom\u00edas locales<\/h2>\n\t<p>Para apoyar a las empresas de la zona y fortalecer las comunidades, la compra de m\u00e1s productos locales es una fruta al alcance de la mano.<\/p>\n<p>Un d\u00f3lar gastado en un mercado agr\u00edcola puede generar $2,50 d\u00f3lares para la econom\u00eda de una comunidad. Se calcula que, si en Colorado aumentaran las compras de alimentos de origen local, se crear\u00edan muchos nuevos puestos de trabajo.<\/p>\n\t\t\t\t<img decoding=\"async\" src=\"https:\/\/doubleupcolorado.org\/wp-content\/uploads\/sites\/24\/2025\/03\/83a989d3-b5d4-401f-997f-5cc65879e844.svg\" alt=\"83a989d3-b5d4-401f-997f-5cc65879e844\" itemprop=\"image\" height=\"251\" width=\"186\" title=\"83a989d3-b5d4-401f-997f-5cc65879e844\" onerror=\"this.style.display='none'\" loading=\"lazy\" \/>\n\t<h2>Un modelo para Am\u00e9rica<\/h2>\n\t<p>El programa de Colorado, modelo nacional. Double Up se puso a prueba en Detroit en 2009 y pronto se convirti\u00f3 en un modelo nacional. En la actualidad, Double Up se ofrece en m\u00e1s de 900 localidades de decenas de estados.<\/p>\n<p>Un poco da para mucho. Dado que la ayuda alimentaria es el mayor gasto del presupuesto federal de agricultura, redirigir incluso un peque\u00f1o porcentaje hacia alimentos cultivados localmente tiene un enorme impacto en las comunidades locales.<\/p>\n\t\t\t<a href=\"http:\/\/doubleupamerica.org\/es\/\" target=\"_self\">\n\t\t\t\t\t\t\tVea D\u00f3nde Se Ha Arraigado Double Up En Todo El Pa\u00eds\n\t\t\t\t\t<\/a>\n\t\t\t\t<img decoding=\"async\" src=\"https:\/\/doubleupcolorado.org\/wp-content\/uploads\/sites\/16\/2020\/11\/wave_top1.svg\" alt=\"wave_top1\" itemprop=\"image\" height=\"141\" width=\"1367\" title=\"wave_top1\" onerror=\"this.style.display='none'\" loading=\"lazy\" \/>\n<h2>\n\t\t\tNuestra historia\t<\/h2>\n\t<p>En 2017, lanzamos Double Up como programa piloto. Desde entonces, Double Up ha crecido m\u00e1s de 100 lugares en todo Colorado, incluyendo mercados de agricultores, puestos de productos agr\u00edcolas, peque\u00f1as tiendas de barrio y supermercados.<\/p>\n<p>Los habitantes de Colorado pueden contar con nosotros para conectarse con sus familias, negocios y comunidades siendo colaborativos, centrados en los resultados, inclusivos, basados en la investigaci\u00f3n, receptivos, innovadores y centrados en lo local. Double Up es una de las ambiciosas formas en que ayuda a las comunidades a aprovechar el poder de los alimentos.<\/p>\n\t\t\t\t<img decoding=\"async\" src=\"https:\/\/doubleupcolorado.org\/wp-content\/uploads\/sites\/16\/2020\/11\/icon_numbers1.svg\" alt=\"icon_numbers1\" itemprop=\"image\" height=\"92\" width=\"90\" title=\"icon_numbers1\" onerror=\"this.style.display='none'\" loading=\"lazy\" \/>\n\t\t$3M\n\t\t\t\t\tEntre 2020 y 2023, los compradores del SNAP canjearon m\u00e1s de 2,5 millones de d\u00f3lares en incentivos en los establecimientos participantes\n\t\t\t\t<img decoding=\"async\" src=\"https:\/\/doubleupcolorado.org\/wp-content\/uploads\/sites\/16\/2020\/11\/icon_numbers3.svg\" alt=\"icon_numbers3\" itemprop=\"image\" height=\"91\" width=\"112\" title=\"icon_numbers3\" onerror=\"this.style.display='none'\" loading=\"lazy\" \/>\n\t\t300+\n\t\t\t\t\tCientos de agricultores de Colorado se benefician cada a\u00f1o de Double Up\n\t\t\t\t<img decoding=\"async\" src=\"https:\/\/doubleupcolorado.org\/wp-content\/uploads\/sites\/16\/2020\/11\/icon_numbers2.svg\" alt=\"icon_numbers2\" itemprop=\"image\" height=\"100\" width=\"106\" title=\"icon_numbers2\" onerror=\"this.style.display='none'\" loading=\"lazy\" \/>\n\t\t100+\n\t\t\t\t\tLas tiendas y mercados de Colorado aceptan Double Up\n<h2>\n\t\t\tNuestros socios\t<\/h2>\n\t<p>En Colorado, Double Up est\u00e1 gestionado por <a href=\"https:\/\/nourishcolorado.org\/\">Nourish Colorado<\/a>, una organizaci\u00f3n sin fines de lucro con la siguiente misi\u00f3n:<\/p>\n<p><em>Fortalecemos las conexiones con y entre granjas, ranchos y comunidades para que todos los habitantes de Colorado tengan acceso equitativo a alimentos frescos y nutritivos.<\/em><\/p>\n<p><em>Llevamos a cabo actividades de promoci\u00f3n de pol\u00edticas para el cambio de sistemas, gestionamos programas que aumentan el acceso a los alimentos y apoyan a los productores locales, y trabajamos junto con socios comunitarios para inspirar la acci\u00f3n colectiva.<\/em><\/p>\n<p>El programa opera en colaboraci\u00f3n con diversos socios, con la orientaci\u00f3n de Fair Food Network.<\/p>\n\t\t\t\t<a href=\"https:\/\/fairfoodnetwork.org\/\"  target=\"_blank\" rel=\"noopener\"  itemprop=\"url\">\n\t\t\t\t<img decoding=\"async\" src=\"https:\/\/doubleupcolorado.org\/wp-content\/uploads\/sites\/24\/2025\/03\/ffn-logo-main.svg\" alt=\"ffn-logo-main\" itemprop=\"image\" height=\"220\" width=\"217\" title=\"ffn-logo-main\" onerror=\"this.style.display='none'\" loading=\"lazy\" \/>\n\t\t\t\t<\/a>\n\t\t\t\t<a href=\"https:\/\/cdhs.colorado.gov\/\"  target=\"_blank\" rel=\"noopener\"  itemprop=\"url\">\n\t\t\t\t<img decoding=\"async\" src=\"https:\/\/doubleupcolorado.org\/wp-content\/uploads\/sites\/24\/2025\/03\/CDHS-OES-FEA_0.png\" alt=\"CDHS-OES-FEA_0\" itemprop=\"image\" height=\"452\" width=\"2500\" title=\"CDHS-OES-FEA_0\" onerror=\"this.style.display='none'\" loading=\"lazy\" \/>\n\t\t\t\t<\/a>\n\n","protected":false},"excerpt":{"rendered":"<p>Acerca de Double Up Food Bucks M\u00e1s alimentos sanos para Colorado, m\u00e1s negocio para los agricultores y m\u00e1s dinero para las comunidades locales. Ir a Por qu\u00e9 Double Up Nuestro impacto Nuestra historia Nuestros socios Ir a \u00bfPor qu\u00e9 necesitamos Double Up? Demasiadas familias luchan por llevar a casa los alimentos saludables que necesitan para&hellip;<\/p>\n","protected":false},"author":4,"featured_media":5873,"parent":0,"menu_order":0,"comment_status":"closed","ping_status":"closed","template":"","meta":{"_acf_changed":false,"inline_featured_image":false,"footnotes":""},"class_list":["post-5990","page","type-page","status-publish","has-post-thumbnail","hentry"],"acf":[],"yoast_head":"<!-- This site is optimized with the Yoast SEO plugin v27.3 - https:\/\/yoast.com\/product\/yoast-seo-wordpress\/ -->\n<title>Acerca de Double Up Food Bucks | DUFB Colorado<\/title>\n<meta name=\"description\" content=\"M\u00e1s alimentos sanos para Colorado, m\u00e1s negocio para los agricultores y m\u00e1s dinero para las comunidades locales.\" \/>\n<meta name=\"robots\" content=\"index, follow, max-snippet:-1, max-image-preview:large, max-video-preview:-1\" \/>\n<link rel=\"canonical\" href=\"https:\/\/doubleupcolorado.org\/es\/acerca-de-double-up-food-bucks\/\" \/>\n<meta property=\"og:locale\" content=\"es_ES\" \/>\n<meta property=\"og:type\" content=\"article\" \/>\n<meta property=\"og:title\" content=\"Acerca de Double Up Food Bucks | DUFB Colorado\" \/>\n<meta property=\"og:description\" content=\"M\u00e1s alimentos sanos para Colorado, m\u00e1s negocio para los agricultores y m\u00e1s dinero para las comunidades locales.\" \/>\n<meta property=\"og:url\" content=\"https:\/\/doubleupcolorado.org\/es\/acerca-de-double-up-food-bucks\/\" \/>\n<meta property=\"og:site_name\" content=\"Double Up Food Bucks | Colorado\" \/>\n<meta property=\"article:modified_time\" content=\"2025-08-27T20:45:18+00:00\" \/>\n<meta property=\"og:image\" content=\"https:\/\/doubleupcolorado.org\/wp-content\/uploads\/sites\/24\/2025\/03\/DUFB-Colorado-featureimage.jpg\" \/>\n\t<meta property=\"og:image:width\" content=\"1200\" \/>\n\t<meta property=\"og:image:height\" content=\"1000\" \/>\n\t<meta property=\"og:image:type\" content=\"image\/jpeg\" \/>\n<meta name=\"twitter:card\" content=\"summary_large_image\" \/>\n<meta name=\"twitter:label1\" content=\"Tiempo de lectura\" \/>\n\t<meta name=\"twitter:data1\" content=\"4 minutos\" \/>\n<script type=\"application\/ld+json\" class=\"yoast-schema-graph\">{\"@context\":\"https:\\\/\\\/schema.org\",\"@graph\":[{\"@type\":\"WebPage\",\"@id\":\"https:\\\/\\\/doubleupcolorado.org\\\/es\\\/acerca-de-double-up-food-bucks\\\/\",\"url\":\"https:\\\/\\\/doubleupcolorado.org\\\/es\\\/acerca-de-double-up-food-bucks\\\/\",\"name\":\"Acerca de Double Up Food Bucks | DUFB Colorado\",\"isPartOf\":{\"@id\":\"https:\\\/\\\/doubleupcolorado.org\\\/es\\\/#website\"},\"primaryImageOfPage\":{\"@id\":\"https:\\\/\\\/doubleupcolorado.org\\\/es\\\/acerca-de-double-up-food-bucks\\\/#primaryimage\"},\"image\":{\"@id\":\"https:\\\/\\\/doubleupcolorado.org\\\/es\\\/acerca-de-double-up-food-bucks\\\/#primaryimage\"},\"thumbnailUrl\":\"https:\\\/\\\/doubleupcolorado.org\\\/wp-content\\\/uploads\\\/sites\\\/24\\\/2025\\\/03\\\/DUFB-Colorado-featureimage.jpg\",\"datePublished\":\"2025-05-25T23:58:03+00:00\",\"dateModified\":\"2025-08-27T20:45:18+00:00\",\"description\":\"M\u00e1s alimentos sanos para Colorado, m\u00e1s negocio para los agricultores y m\u00e1s dinero para las comunidades locales.\",\"breadcrumb\":{\"@id\":\"https:\\\/\\\/doubleupcolorado.org\\\/es\\\/acerca-de-double-up-food-bucks\\\/#breadcrumb\"},\"inLanguage\":\"es\",\"potentialAction\":[{\"@type\":\"ReadAction\",\"target\":[\"https:\\\/\\\/doubleupcolorado.org\\\/es\\\/acerca-de-double-up-food-bucks\\\/\"]}]},{\"@type\":\"ImageObject\",\"inLanguage\":\"es\",\"@id\":\"https:\\\/\\\/doubleupcolorado.org\\\/es\\\/acerca-de-double-up-food-bucks\\\/#primaryimage\",\"url\":\"https:\\\/\\\/doubleupcolorado.org\\\/wp-content\\\/uploads\\\/sites\\\/24\\\/2025\\\/03\\\/DUFB-Colorado-featureimage.jpg\",\"contentUrl\":\"https:\\\/\\\/doubleupcolorado.org\\\/wp-content\\\/uploads\\\/sites\\\/24\\\/2025\\\/03\\\/DUFB-Colorado-featureimage.jpg\",\"width\":1200,\"height\":1000},{\"@type\":\"BreadcrumbList\",\"@id\":\"https:\\\/\\\/doubleupcolorado.org\\\/es\\\/acerca-de-double-up-food-bucks\\\/#breadcrumb\",\"itemListElement\":[{\"@type\":\"ListItem\",\"position\":1,\"name\":\"Home\",\"item\":\"https:\\\/\\\/doubleupcolorado.org\\\/es\\\/\"},{\"@type\":\"ListItem\",\"position\":2,\"name\":\"Acerca de Double Up Food Bucks\"}]},{\"@type\":\"WebSite\",\"@id\":\"https:\\\/\\\/doubleupcolorado.org\\\/es\\\/#website\",\"url\":\"https:\\\/\\\/doubleupcolorado.org\\\/es\\\/\",\"name\":\"Double Up Food Bucks | Colorado\",\"description\":\"Get MORE fruits &amp; veggies with Double Up Food Bucks\",\"potentialAction\":[{\"@type\":\"SearchAction\",\"target\":{\"@type\":\"EntryPoint\",\"urlTemplate\":\"https:\\\/\\\/doubleupcolorado.org\\\/es\\\/?s={search_term_string}\"},\"query-input\":{\"@type\":\"PropertyValueSpecification\",\"valueRequired\":true,\"valueName\":\"search_term_string\"}}],\"inLanguage\":\"es\"}]}<\/script>\n<!-- \/ Yoast SEO plugin. -->","yoast_head_json":{"title":"Acerca de Double Up Food Bucks | DUFB Colorado","description":"M\u00e1s alimentos sanos para Colorado, m\u00e1s negocio para los agricultores y m\u00e1s dinero para las comunidades locales.","robots":{"index":"index","follow":"follow","max-snippet":"max-snippet:-1","max-image-preview":"max-image-preview:large","max-video-preview":"max-video-preview:-1"},"canonical":"https:\/\/doubleupcolorado.org\/es\/acerca-de-double-up-food-bucks\/","og_locale":"es_ES","og_type":"article","og_title":"Acerca de Double Up Food Bucks | DUFB Colorado","og_description":"M\u00e1s alimentos sanos para Colorado, m\u00e1s negocio para los agricultores y m\u00e1s dinero para las comunidades locales.","og_url":"https:\/\/doubleupcolorado.org\/es\/acerca-de-double-up-food-bucks\/","og_site_name":"Double Up Food Bucks | Colorado","article_modified_time":"2025-08-27T20:45:18+00:00","og_image":[{"width":1200,"height":1000,"url":"https:\/\/doubleupcolorado.org\/wp-content\/uploads\/sites\/24\/2025\/03\/DUFB-Colorado-featureimage.jpg","type":"image\/jpeg"}],"twitter_card":"summary_large_image","twitter_misc":{"Tiempo de lectura":"4 minutos"},"schema":{"@context":"https:\/\/schema.org","@graph":[{"@type":"WebPage","@id":"https:\/\/doubleupcolorado.org\/es\/acerca-de-double-up-food-bucks\/","url":"https:\/\/doubleupcolorado.org\/es\/acerca-de-double-up-food-bucks\/","name":"Acerca de Double Up Food Bucks | DUFB Colorado","isPartOf":{"@id":"https:\/\/doubleupcolorado.org\/es\/#website"},"primaryImageOfPage":{"@id":"https:\/\/doubleupcolorado.org\/es\/acerca-de-double-up-food-bucks\/#primaryimage"},"image":{"@id":"https:\/\/doubleupcolorado.org\/es\/acerca-de-double-up-food-bucks\/#primaryimage"},"thumbnailUrl":"https:\/\/doubleupcolorado.org\/wp-content\/uploads\/sites\/24\/2025\/03\/DUFB-Colorado-featureimage.jpg","datePublished":"2025-05-25T23:58:03+00:00","dateModified":"2025-08-27T20:45:18+00:00","description":"M\u00e1s alimentos sanos para Colorado, m\u00e1s negocio para los agricultores y m\u00e1s dinero para las comunidades locales.","breadcrumb":{"@id":"https:\/\/doubleupcolorado.org\/es\/acerca-de-double-up-food-bucks\/#breadcrumb"},"inLanguage":"es","potentialAction":[{"@type":"ReadAction","target":["https:\/\/doubleupcolorado.org\/es\/acerca-de-double-up-food-bucks\/"]}]},{"@type":"ImageObject","inLanguage":"es","@id":"https:\/\/doubleupcolorado.org\/es\/acerca-de-double-up-food-bucks\/#primaryimage","url":"https:\/\/doubleupcolorado.org\/wp-content\/uploads\/sites\/24\/2025\/03\/DUFB-Colorado-featureimage.jpg","contentUrl":"https:\/\/doubleupcolorado.org\/wp-content\/uploads\/sites\/24\/2025\/03\/DUFB-Colorado-featureimage.jpg","width":1200,"height":1000},{"@type":"BreadcrumbList","@id":"https:\/\/doubleupcolorado.org\/es\/acerca-de-double-up-food-bucks\/#breadcrumb","itemListElement":[{"@type":"ListItem","position":1,"name":"Home","item":"https:\/\/doubleupcolorado.org\/es\/"},{"@type":"ListItem","position":2,"name":"Acerca de Double Up Food Bucks"}]},{"@type":"WebSite","@id":"https:\/\/doubleupcolorado.org\/es\/#website","url":"https:\/\/doubleupcolorado.org\/es\/","name":"Double Up Food Bucks | Colorado","description":"Get MORE fruits &amp; veggies with Double Up Food Bucks","potentialAction":[{"@type":"SearchAction","target":{"@type":"EntryPoint","urlTemplate":"https:\/\/doubleupcolorado.org\/es\/?s={search_term_string}"},"query-input":{"@type":"PropertyValueSpecification","valueRequired":true,"valueName":"search_term_string"}}],"inLanguage":"es"}]}},"_links":{"self":[{"href":"https:\/\/doubleupcolorado.org\/es\/wp-json\/wp\/v2\/pages\/5990","targetHints":{"allow":["GET"]}}],"collection":[{"href":"https:\/\/doubleupcolorado.org\/es\/wp-json\/wp\/v2\/pages"}],"about":[{"href":"https:\/\/doubleupcolorado.org\/es\/wp-json\/wp\/v2\/types\/page"}],"author":[{"embeddable":true,"href":"https:\/\/doubleupcolorado.org\/es\/wp-json\/wp\/v2\/users\/4"}],"replies":[{"embeddable":true,"href":"https:\/\/doubleupcolorado.org\/es\/wp-json\/wp\/v2\/comments?post=5990"}],"version-history":[{"count":0,"href":"https:\/\/doubleupcolorado.org\/es\/wp-json\/wp\/v2\/pages\/5990\/revisions"}],"wp:featuredmedia":[{"embeddable":true,"href":"https:\/\/doubleupcolorado.org\/es\/wp-json\/wp\/v2\/media\/5873"}],"wp:attachment":[{"href":"https:\/\/doubleupcolorado.org\/es\/wp-json\/wp\/v2\/media?parent=5990"}],"curies":[{"name":"wp","href":"https:\/\/api.w.org\/{rel}","templated":true}]}}