{"id":2297,"date":"2022-01-25T20:06:25","date_gmt":"2022-01-25T20:06:25","guid":{"rendered":"https:\/\/colorado.doubleupfoodbucks.org\/encuentre-una-ubicacion\/"},"modified":"2024-02-07T15:45:36","modified_gmt":"2024-02-07T21:45:36","slug":"encuentre-una-ubicacion-2","status":"publish","type":"page","link":"https:\/\/doubleupcolorado.org\/es\/encuentre-una-ubicacion-2\/","title":{"rendered":"Encuentre una ubicacion"},"content":{"rendered":"\n<h1>\n\t\tUbicaciones Double Up Food Bucks\n\t<\/h1>\n\t<p><strong>Todas las ubicaciones de Double Up en el mapa aceptan SNAP y P-EBT y duplican estampillas de alimentos con <em>Double Up Food Bucks<\/em>.<\/strong> Algunas ubicaciones est\u00e1n abiertas por temporada o cierran durante ciertos periodos a trav\u00e9s del a\u00f1o. Para confirmar horarios\/ubicaciones o cambios\/restricciones por COVID-19, env\u00ede un texto y una persona se pondr\u00e1 en contacto con usted.<\/p>\n\t\t\t\t<img loading=\"lazy\" decoding=\"async\" src=\"https:\/\/doubleupcolorado.org\/wp-content\/uploads\/sites\/16\/2022\/01\/dufb-texas-lone-star.svg\" alt=\"Lone Star EBT Card\" itemprop=\"image\" height=\"183\" width=\"386\" title=\"dufb-texas-lone-star\" onerror=\"this.style.display='none'\"  \/>\n\t\t\t<a href=\"https:\/\/doubleupamerica.org\/es\/\" target=\"_self\" rel=\"noopener\">\n\t\t\t\t\t\t\t\u00bfNo est\u00e1 en Colorado?\n\t\t\t<\/a>\n\t\t\t\t<img loading=\"lazy\" decoding=\"async\" src=\"https:\/\/doubleupcolorado.org\/wp-content\/uploads\/sites\/16\/2020\/11\/wave_top1.svg\" alt=\"wave_top1\" itemprop=\"image\" height=\"141\" width=\"1367\" title=\"wave_top1\" onerror=\"this.style.display='none'\"  \/>\n\t    <div class=\"state_map_form\">\r\n\r\n\t\t<div class=\"flex\">\r\n\r\n\t\t\t<p class=\"h4 map_searchbyzip_title\">Buscar por c\u00f3digo ZIP&nbsp;<\/p>\r\n\r\n            <div class=\"state_map_form-zip\"><input id=\"state_map_form-zip\" type=\"text\" placeholder=\"\"><\/div>\r\n\t\t\t\r\n\t\t\t<div class=\"state_map_form-radius\">\r\n\t\t\t\t<select>\r\n\t\t\t\t\t<option value=\"10\">10 millas<\/option>\r\n\t\t\t\t\t<option value=\"20\">20 millas<\/option>\r\n\t\t\t\t\t<option value=\"30\">30 millas<\/option>\r\n\t\t\t\t\t<option value=\"40\">40 millas<\/option>\r\n\t\t\t\t\t<option value=\"50\">50 millas<\/option>\r\n\t\t\t\t<\/select>\r\n\t\t\t<\/div>\r\n\r\n\t\t\t<div class=\"state_map_form-submit\">\r\n\t\t\t\t<div class=\"button yellow location_finder_btn\" role=\"button\"><a>BUSCAR<\/a><\/div>\r\n\t\t\t<\/div>\r\n\t\t<\/div>\r\n\r\n\t\t        <div class=\"state_map_form-location\">\r\n            <div class=\"flex\">\r\n\t\t\t    <p class=\"h4 map_filter_locationtype_title\">Filtrar por tipo de ubicaci\u00f3n<\/p>\r\n\t\t\t    <select class=\"map_filter_locationtype_select\">\r\n                    <option value=\"any\">Todas<\/option>\r\n                    <option value=\"farmers_market\">Mercado de granja<\/option><option value=\"farm_stand\">Puesto de granja<\/option><option value=\"food_box_csa\">Food Box or CSA<\/option><option value=\"grocery_store\">Supermercado<\/option>                <\/select>\r\n            <\/div>\r\n            \r\n            <div class=\"flex\">\r\n                \r\n\t\t\t    <p class=\"h4 map_filter_opendays_title\">Filtrar por d\u00edas abiertos<\/p>\r\n                <select class=\"map_filter_opendays_select\">\r\n                    <option value=\"any\">Todas<\/option>\r\n                    <option value=\"Monday\">Lunes<\/option><option value=\"Tuesday\">Martes<\/option><option value=\"Wednesday\">Mircoles<\/option><option value=\"Thursday\">Jueves<\/option><option value=\"Friday\">Viernes<\/option><option value=\"Saturday\">S\u00e1bado<\/option><option value=\"Sunday\">Domingo<\/option>                <\/select>\r\n            <\/div>\r\n\t\t<\/div>\r\n\t<\/div>\r\n\t\r\n\t<div class=\"state_map\">\r\n\t\t<div class=\"location_icon\"><img decoding=\"async\" alt=\"Location Icon\" src=\"\/wp-content\/uploads\/2021\/01\/current-location-prompt.svg\" \/><\/div>\r\n        <div class=\"state_locations_list\"><\/div>\r\n\t\t<div id=\"state_map\"><\/div>\r\n\t\t<div class=\"layover-screen-message\">\r\n\t\t\t<div>\r\n\t\t\t<img decoding=\"async\" src=\"\/wp-content\/uploads\/sites\/17\/2020\/10\/dufb_icon-1.svg\" alt=\"Double Up Logo\"\/>\r\n\t\t\t<p class=\"h4\">Preparando las ubicaciones<span class=\"dot-one\">.<\/span><span class=\"dot-two\">.<\/span><span class=\"dot-three\">.<\/span><\/p>\r\n\t\t\t<\/div>\r\n\t\t<\/div>\r\n    <\/div>\r\n    \r\n    \n<h3>\n\t\t\u00bfNo encuentra una ubicaci\u00f3n cercana a usted?\n\t<\/h3>\n\t<p>Env\u00edenos un correo electr\u00f3nico a <a href=\"mailto:txdoubleup@sustainablefoodcenter.org\">txdoubleup@sustainablefoodcenter.org<\/a> para recomendar una tienda o mercado cercano a usted. Deseamos que todas las personas en Colorado tengan acceso a <em>Double Up<\/em>!<\/p>\n\t\t\t<a href=\"https:\/\/doubleupcolorado.org\/es\/contactenos\/\" target=\"_self\" rel=\"noopener\">\n\t\t\t\t\t\t\tContacto\n\t\t\t\t\t<\/a>\n\n","protected":false},"excerpt":{"rendered":"<p>Ubicaciones Double Up Food Bucks Todas las ubicaciones de Double Up en el mapa aceptan SNAP y P-EBT y duplican estampillas de alimentos con Double Up Food Bucks. Algunas ubicaciones est\u00e1n abiertas por temporada o cierran durante ciertos periodos a trav\u00e9s del a\u00f1o. Para confirmar horarios\/ubicaciones o cambios\/restricciones por COVID-19, env\u00ede un texto y una&hellip;<\/p>\n","protected":false},"author":29,"featured_media":2292,"parent":0,"menu_order":0,"comment_status":"closed","ping_status":"closed","template":"","meta":{"_acf_changed":false,"inline_featured_image":false,"footnotes":""},"class_list":["post-2297","page","type-page","status-publish","has-post-thumbnail","hentry"],"acf":[],"yoast_head":"<!-- This site is optimized with the Yoast SEO plugin v27.3 - https:\/\/yoast.com\/product\/yoast-seo-wordpress\/ -->\n<title>Encuentre una ubicaci\u00f3n de Double Food Bucks en Colorado | DUFB Colorado<\/title>\n<meta name=\"description\" content=\"Obtenga el doble de frutas\/verduras con DUFB. Use su tarjeta EBT en todo Colorado para obtener el doble de frutas\/verduras con Double Up Food Bucks.\" \/>\n<meta name=\"robots\" content=\"index, follow, max-snippet:-1, max-image-preview:large, max-video-preview:-1\" \/>\n<link rel=\"canonical\" href=\"https:\/\/doubleupcolorado.org\/es\/encuentre-una-ubicacion-2\/\" \/>\n<meta property=\"og:locale\" content=\"es_ES\" \/>\n<meta property=\"og:type\" content=\"article\" \/>\n<meta property=\"og:title\" content=\"Encuentre una ubicaci\u00f3n de Double Food Bucks en Colorado | DUFB Colorado\" \/>\n<meta property=\"og:description\" content=\"Obtenga el doble de frutas\/verduras con DUFB. Use su tarjeta EBT en todo Colorado para obtener el doble de frutas\/verduras con Double Up Food Bucks.\" \/>\n<meta property=\"og:url\" content=\"https:\/\/doubleupcolorado.org\/es\/encuentre-una-ubicacion-2\/\" \/>\n<meta property=\"og:site_name\" content=\"Double Up Food Bucks | Colorado\" \/>\n<meta property=\"article:modified_time\" content=\"2024-02-07T21:45:36+00:00\" \/>\n<meta property=\"og:image\" content=\"https:\/\/doubleupcolorado.org\/wp-content\/uploads\/sites\/24\/2022\/01\/fresh-news-hero.jpg\" \/>\n\t<meta property=\"og:image:width\" content=\"1600\" \/>\n\t<meta property=\"og:image:height\" content=\"1000\" \/>\n\t<meta property=\"og:image:type\" content=\"image\/jpeg\" \/>\n<meta name=\"twitter:card\" content=\"summary_large_image\" \/>\n<meta name=\"twitter:label1\" content=\"Tiempo de lectura\" \/>\n\t<meta name=\"twitter:data1\" content=\"1 minuto\" \/>\n<script type=\"application\/ld+json\" class=\"yoast-schema-graph\">{\"@context\":\"https:\\\/\\\/schema.org\",\"@graph\":[{\"@type\":\"WebPage\",\"@id\":\"https:\\\/\\\/doubleupcolorado.org\\\/es\\\/encuentre-una-ubicacion-2\\\/\",\"url\":\"https:\\\/\\\/doubleupcolorado.org\\\/es\\\/encuentre-una-ubicacion-2\\\/\",\"name\":\"Encuentre una ubicaci\u00f3n de Double Food Bucks en Colorado | DUFB Colorado\",\"isPartOf\":{\"@id\":\"https:\\\/\\\/doubleupcolorado.org\\\/es\\\/#website\"},\"primaryImageOfPage\":{\"@id\":\"https:\\\/\\\/doubleupcolorado.org\\\/es\\\/encuentre-una-ubicacion-2\\\/#primaryimage\"},\"image\":{\"@id\":\"https:\\\/\\\/doubleupcolorado.org\\\/es\\\/encuentre-una-ubicacion-2\\\/#primaryimage\"},\"thumbnailUrl\":\"https:\\\/\\\/doubleupcolorado.org\\\/wp-content\\\/uploads\\\/sites\\\/24\\\/2022\\\/01\\\/fresh-news-hero.jpg\",\"datePublished\":\"2022-01-25T20:06:25+00:00\",\"dateModified\":\"2024-02-07T21:45:36+00:00\",\"description\":\"Obtenga el doble de frutas\\\/verduras con DUFB. Use su tarjeta EBT en todo Colorado para obtener el doble de frutas\\\/verduras con Double Up Food Bucks.\",\"breadcrumb\":{\"@id\":\"https:\\\/\\\/doubleupcolorado.org\\\/es\\\/encuentre-una-ubicacion-2\\\/#breadcrumb\"},\"inLanguage\":\"es\",\"potentialAction\":[{\"@type\":\"ReadAction\",\"target\":[\"https:\\\/\\\/doubleupcolorado.org\\\/es\\\/encuentre-una-ubicacion-2\\\/\"]}]},{\"@type\":\"ImageObject\",\"inLanguage\":\"es\",\"@id\":\"https:\\\/\\\/doubleupcolorado.org\\\/es\\\/encuentre-una-ubicacion-2\\\/#primaryimage\",\"url\":\"https:\\\/\\\/doubleupcolorado.org\\\/wp-content\\\/uploads\\\/sites\\\/24\\\/2022\\\/01\\\/fresh-news-hero.jpg\",\"contentUrl\":\"https:\\\/\\\/doubleupcolorado.org\\\/wp-content\\\/uploads\\\/sites\\\/24\\\/2022\\\/01\\\/fresh-news-hero.jpg\",\"width\":1600,\"height\":1000},{\"@type\":\"BreadcrumbList\",\"@id\":\"https:\\\/\\\/doubleupcolorado.org\\\/es\\\/encuentre-una-ubicacion-2\\\/#breadcrumb\",\"itemListElement\":[{\"@type\":\"ListItem\",\"position\":1,\"name\":\"Home\",\"item\":\"https:\\\/\\\/doubleupcolorado.org\\\/es\\\/\"},{\"@type\":\"ListItem\",\"position\":2,\"name\":\"Encuentre una ubicacion\"}]},{\"@type\":\"WebSite\",\"@id\":\"https:\\\/\\\/doubleupcolorado.org\\\/es\\\/#website\",\"url\":\"https:\\\/\\\/doubleupcolorado.org\\\/es\\\/\",\"name\":\"Double Up Food Bucks | Colorado\",\"description\":\"Get MORE fruits &amp; veggies with Double Up Food Bucks\",\"potentialAction\":[{\"@type\":\"SearchAction\",\"target\":{\"@type\":\"EntryPoint\",\"urlTemplate\":\"https:\\\/\\\/doubleupcolorado.org\\\/es\\\/?s={search_term_string}\"},\"query-input\":{\"@type\":\"PropertyValueSpecification\",\"valueRequired\":true,\"valueName\":\"search_term_string\"}}],\"inLanguage\":\"es\"}]}<\/script>\n<!-- \/ Yoast SEO plugin. -->","yoast_head_json":{"title":"Encuentre una ubicaci\u00f3n de Double Food Bucks en Colorado | DUFB Colorado","description":"Obtenga el doble de frutas\/verduras con DUFB. Use su tarjeta EBT en todo Colorado para obtener el doble de frutas\/verduras con Double Up Food Bucks.","robots":{"index":"index","follow":"follow","max-snippet":"max-snippet:-1","max-image-preview":"max-image-preview:large","max-video-preview":"max-video-preview:-1"},"canonical":"https:\/\/doubleupcolorado.org\/es\/encuentre-una-ubicacion-2\/","og_locale":"es_ES","og_type":"article","og_title":"Encuentre una ubicaci\u00f3n de Double Food Bucks en Colorado | DUFB Colorado","og_description":"Obtenga el doble de frutas\/verduras con DUFB. Use su tarjeta EBT en todo Colorado para obtener el doble de frutas\/verduras con Double Up Food Bucks.","og_url":"https:\/\/doubleupcolorado.org\/es\/encuentre-una-ubicacion-2\/","og_site_name":"Double Up Food Bucks | Colorado","article_modified_time":"2024-02-07T21:45:36+00:00","og_image":[{"width":1600,"height":1000,"url":"https:\/\/doubleupcolorado.org\/wp-content\/uploads\/sites\/24\/2022\/01\/fresh-news-hero.jpg","type":"image\/jpeg"}],"twitter_card":"summary_large_image","twitter_misc":{"Tiempo de lectura":"1 minuto"},"schema":{"@context":"https:\/\/schema.org","@graph":[{"@type":"WebPage","@id":"https:\/\/doubleupcolorado.org\/es\/encuentre-una-ubicacion-2\/","url":"https:\/\/doubleupcolorado.org\/es\/encuentre-una-ubicacion-2\/","name":"Encuentre una ubicaci\u00f3n de Double Food Bucks en Colorado | DUFB Colorado","isPartOf":{"@id":"https:\/\/doubleupcolorado.org\/es\/#website"},"primaryImageOfPage":{"@id":"https:\/\/doubleupcolorado.org\/es\/encuentre-una-ubicacion-2\/#primaryimage"},"image":{"@id":"https:\/\/doubleupcolorado.org\/es\/encuentre-una-ubicacion-2\/#primaryimage"},"thumbnailUrl":"https:\/\/doubleupcolorado.org\/wp-content\/uploads\/sites\/24\/2022\/01\/fresh-news-hero.jpg","datePublished":"2022-01-25T20:06:25+00:00","dateModified":"2024-02-07T21:45:36+00:00","description":"Obtenga el doble de frutas\/verduras con DUFB. Use su tarjeta EBT en todo Colorado para obtener el doble de frutas\/verduras con Double Up Food Bucks.","breadcrumb":{"@id":"https:\/\/doubleupcolorado.org\/es\/encuentre-una-ubicacion-2\/#breadcrumb"},"inLanguage":"es","potentialAction":[{"@type":"ReadAction","target":["https:\/\/doubleupcolorado.org\/es\/encuentre-una-ubicacion-2\/"]}]},{"@type":"ImageObject","inLanguage":"es","@id":"https:\/\/doubleupcolorado.org\/es\/encuentre-una-ubicacion-2\/#primaryimage","url":"https:\/\/doubleupcolorado.org\/wp-content\/uploads\/sites\/24\/2022\/01\/fresh-news-hero.jpg","contentUrl":"https:\/\/doubleupcolorado.org\/wp-content\/uploads\/sites\/24\/2022\/01\/fresh-news-hero.jpg","width":1600,"height":1000},{"@type":"BreadcrumbList","@id":"https:\/\/doubleupcolorado.org\/es\/encuentre-una-ubicacion-2\/#breadcrumb","itemListElement":[{"@type":"ListItem","position":1,"name":"Home","item":"https:\/\/doubleupcolorado.org\/es\/"},{"@type":"ListItem","position":2,"name":"Encuentre una ubicacion"}]},{"@type":"WebSite","@id":"https:\/\/doubleupcolorado.org\/es\/#website","url":"https:\/\/doubleupcolorado.org\/es\/","name":"Double Up Food Bucks | Colorado","description":"Get MORE fruits &amp; veggies with Double Up Food Bucks","potentialAction":[{"@type":"SearchAction","target":{"@type":"EntryPoint","urlTemplate":"https:\/\/doubleupcolorado.org\/es\/?s={search_term_string}"},"query-input":{"@type":"PropertyValueSpecification","valueRequired":true,"valueName":"search_term_string"}}],"inLanguage":"es"}]}},"_links":{"self":[{"href":"https:\/\/doubleupcolorado.org\/es\/wp-json\/wp\/v2\/pages\/2297","targetHints":{"allow":["GET"]}}],"collection":[{"href":"https:\/\/doubleupcolorado.org\/es\/wp-json\/wp\/v2\/pages"}],"about":[{"href":"https:\/\/doubleupcolorado.org\/es\/wp-json\/wp\/v2\/types\/page"}],"author":[{"embeddable":true,"href":"https:\/\/doubleupcolorado.org\/es\/wp-json\/wp\/v2\/users\/29"}],"replies":[{"embeddable":true,"href":"https:\/\/doubleupcolorado.org\/es\/wp-json\/wp\/v2\/comments?post=2297"}],"version-history":[{"count":0,"href":"https:\/\/doubleupcolorado.org\/es\/wp-json\/wp\/v2\/pages\/2297\/revisions"}],"wp:featuredmedia":[{"embeddable":true,"href":"https:\/\/doubleupcolorado.org\/es\/wp-json\/wp\/v2\/media\/2292"}],"wp:attachment":[{"href":"https:\/\/doubleupcolorado.org\/es\/wp-json\/wp\/v2\/media?parent=2297"}],"curies":[{"name":"wp","href":"https:\/\/api.w.org\/{rel}","templated":true}]}}