{"id":2273,"date":"2022-01-25T01:41:40","date_gmt":"2022-01-25T01:41:40","guid":{"rendered":"https:\/\/colorado.doubleupfoodbucks.org\/preguntas-frecuentes\/"},"modified":"2025-07-30T18:19:00","modified_gmt":"2025-07-30T23:19:00","slug":"preguntas-frecuentes","status":"publish","type":"page","link":"https:\/\/doubleupcolorado.org\/es\/preguntas-frecuentes\/","title":{"rendered":"Preguntas Frecuentes"},"content":{"rendered":"\n<h1>\n\t\tPreguntas Frecuentes\n\t<\/h1>\n\t\t\t\t<img loading=\"lazy\" decoding=\"async\" src=\"https:\/\/doubleupcolorado.org\/wp-content\/uploads\/sites\/16\/2022\/01\/dufb-texas-lone-star.svg\" alt=\"Lone Star EBT Card\" height=\"183\" width=\"386\" title=\"dufb-texas-lone-star\" \/>\n\t<p>Obtenga respuestas sobre <em>Double Up Food Bucks<\/em> Colorado.<\/p>\n\t\t\t\t<img loading=\"lazy\" decoding=\"async\" src=\"https:\/\/doubleupcolorado.org\/wp-content\/uploads\/sites\/16\/2020\/10\/arrow_down_white.svg\" alt=\"arrow_down_white\" height=\"32\" width=\"18\" title=\"arrow_down_white\" \/>\n\t\t\t\t<img loading=\"lazy\" decoding=\"async\" src=\"https:\/\/doubleupcolorado.org\/wp-content\/uploads\/sites\/16\/2020\/11\/wave_bottom2.svg\" alt=\"wave_bottom2\" height=\"112\" width=\"1367\" title=\"wave_bottom2\" \/>\n    Ir a\n        <a href=\"#general\">Generales<\/a>\n        <a href=\"#grocery-stores\">Supermercados<\/a>\n        <a href=\"#farmers-markets\">el mercado agr\u00edcola<\/a>\n        <a href=\"#snap-ebt\">SNAP y Lone Star<\/a>\n    Ir a \n\t\t\t\t<img loading=\"lazy\" decoding=\"async\" src=\"https:\/\/doubleupcolorado.org\/wp-content\/uploads\/sites\/16\/2020\/11\/carrot.svg\" alt=\"Carrot\" height=\"251\" width=\"186\" title=\"carrot\" \/>\n<h2>\n\t\tPreguntas generales\n\t<\/h2>\n\t\t\t\t\t\t\u00bfC\u00f3mo funciona el programa <em>Double Up<\/em>?\n\t\t\t<p><em>Double Up<\/em> duplica el valor de los beneficios para alimentos de SNAP, dolar-a-dolar cuando los gasta en una tienda o mercado que participa en el programa. La cantidad duplicada se puede usar para comprar frutas y verduras cultivadas en Colorado.<\/p>\n\t\t\t\t\t\t\u00bfQui\u00e9n califica para <em>Double Up<\/em>?\n\t\t\t<p>Cualquier persona que reciba beneficios de SNAP autom\u00e1ticamente puede participar en el programa. Si tiene la tarjeta de SNAP EBT, usted puede participar en <em>Double Up<\/em>.<\/p>\n\t\t\t\t\t\t\u00bfC\u00f3mo es que el programa de <em>Double Up Food Bucks<\/em> apoya a los granjeros de Colorado? \n\t\t\t<p><em>Double Up Food Bucks<\/em> iguala dolar-a-dolar los beneficios de SNAP para las compras de frutas y verduras cultivadas en Colorado. El programa aumenta el acceso a alimentos saludables y de origen local, y apoya a los granjeros y comerciantes locales. <strong>Aprenda m\u00e1s sobre el impacto de <em>Double Up<\/em> en los granjeros de Colorado.<\/strong><\/p>\n\t\t\t\t\t\t\u00bfD\u00f3nde puedo gastar los d\u00f3lares de <em>Double Up<\/em>? \n\t\t\t<p>Tiendas de abarrotes y mercados agr\u00edcolas que participan en <em>Double Up<\/em> se encuentran en casi todas las ciudades principales de Tejas. El n\u00famero de ubicaciones que participan aumenta cada a\u00f1o. Comun\u00edquese con nosotros para <a href=\"https:\/\/doubleupcolorado.org\/es\/encuentre-una-ubicacion\/\">encontrar una ubicaci\u00f3n<\/a> cercana a usted.<\/p>\n\t\t\t\t\t\t\u00bfQu\u00e9 puedo comprar con <em>Double Up Food Bucks<\/em>?\n\t\t\t<p>En los mercados agr\u00edcolas, puede usar <em>Double Up Food Bucks<\/em> \u00fanicamente para comprar frutas y verduras <strong>cosechadas en Colorado<\/strong>.<\/p>\n<p>En las tiendas de abarrotes y supermercados, <em>Double Up Food Bucks<\/em> se pueden gastar en cualquier fruta o verdura fresca.<\/p>\n<p><a href=\"\/es\/como-funciona-double-up\/\">As\u00ed es c\u00f3mo funciona<\/a>.<\/p>\n\t\t\t\t\t\t\u00bfQu\u00e9 puedo hacer si necesito ayuda inmediata para obtener alimentos?\n\t\t\t<p>Puede llamar a nuestra l\u00ednea de acceso a los alimentos (512) 730-1807 o marque 2-1-1 para encontrar m\u00e1s recursos de alimentos cercanos a usted.<\/p>\n\t\t\t\t<img loading=\"lazy\" decoding=\"async\" src=\"https:\/\/doubleupcolorado.org\/wp-content\/uploads\/sites\/16\/2020\/11\/brocoli.svg\" alt=\"Brocoli\" height=\"245\" width=\"197\" title=\"brocoli\" \/>\n<h2>\n\t\t<em>Double Up<\/em> en la tienda de abarrotes (supermercados)\n\t<\/h2>\n\t\t\t\t\t\t\u00bfC\u00f3mo funciona <em>Double Up Food Bucks<\/em> en el supermercado?\n\t\t\t<p>Cuando paga con la tarjeta de SNAP, <em>Double Up<\/em> iguala el valor de su compra de frutas y verduras. <\/p>\n<p>Los supermercados podr\u00edan usar cupones, una tarjeta de cliente preferente, o dar un descuento instant\u00e1neo de un 50 por ciento.<\/p>\n<p><em>Double Up<\/em> dura todo el a\u00f1o en las tiendas que participan.<\/p>\n\t\t\t\t\t\t\u00bfQu\u00e9 puedo comprar con <em>Double Up Food Bucks<\/em> en la tienda o supermercado?\n\t\t\t<p>Puede gastar los <em>Double Up Food Bucks<\/em> en cualesquier frutas o verduras en la misma tienda donde los obtuvo (al usar su tarjeta SNAP).<\/p>\n\t\t\t\t<img loading=\"lazy\" decoding=\"async\" src=\"https:\/\/doubleupcolorado.org\/wp-content\/uploads\/sites\/16\/2020\/11\/watermelon-1.svg\" alt=\"Sand\u00eda\" height=\"162\" width=\"217\" title=\"watermelon\" \/>\n<h2>\n\t\tLas compras en el mercado agr\u00edcola \n\t<\/h2>\n\t\t\t\t\t\t\u00bfC\u00f3mo funciona <em>Double Up Food Bucks<\/em> en los mercados agr\u00edcolas?\n\t\t\t<p>Por cada $1 que gaste usando beneficios de SNAP en los mercados agr\u00edcolas que aceptan la tarjeta, usted recibe $1 en <em>Double Up Food Bucks<\/em> para comprar cualquier fruta o verdura cultivada en Colorado. Lo m\u00e1ximo que se puede recibir en <em>Double Up Food Bucks<\/em> es $30 por d\u00eda. <\/p>\n<p>Los mercados distribuyen <em>Double Up Food Bucks<\/em> como dinero para el mercado y se pueden usar en cualquier mercado agr\u00edcola en su \u00e1rea que participe en <em>Double Up Food Bucks<\/em>.<\/p>\n\t\t\t\t\t\t\u00bfQu\u00e9 puedo comprar en el mercado agr\u00edcola?\n\t\t\t<p>Puede usar los beneficios de SNAP para comprar cualquier alimento aprobado por SNAP, incluso miel, pan, huevos y carne.<\/p>\n<p>Puede gastar los d\u00f3lares de <em>Double Up<\/em> en <strong>frutas y verduras cultivadas en Colorado<\/strong>.<\/p>\n\t\t\t\t\t\t\u00bfDurante cu\u00e1les meses est\u00e1n abiertos los mercados agr\u00edcolas? \n\t\t\t<p>Muchos de los mercados en Colorado est\u00e1n abiertos todo el a\u00f1o. Algunos mercados solo abren durante ciertas temporadas, especialmente los que se encuentran en la parte m\u00e1s al norte del estado. Revise el mapa de ubicaciones para ver cuando los mercados cercanos a usted que participan en <em>Double Up<\/em> est\u00e1n abiertos.<\/p>\n\t\t\t\t\t\t\u00bfC\u00f3mo puedo saber cu\u00e1les vendedores en el mercado aceptan los d\u00f3lares de <em>Double Up<\/em>?\n\t\t\t<p>Cualquier puesto que venda frutas y verduras frescas y cultivadas en Colorado, en un mercado que participa en Double Up Food Bucks, acepta los d\u00f3lares de <em>Double Up<\/em>. Refi\u00e9rase al mapa de ubicaciones para encontrar los mercados que participan m\u00e1s cercanos a usted.<\/p>\n\t\t\t\t\t\t\u00bfCu\u00e1ndo se vencen los d\u00f3lares de <em>Double Up<\/em> para el mercado?\n\t\t\t<p>Los d\u00f3lares y fichas de <em>Double Up<\/em> para el mercado nunca se vencen.<\/p>\n\t\t\t\t\t\t\u00bfPuedo recibir un reembolso si ya no quiero usar la tarjeta SNAP en el mercado?\n\t\t\t<p>S\u00ed, puede recibir un reembolso de los d\u00f3lares de SNAP para el mercado. Dir\u00edjase al puesto en donde los recibi\u00f3 y el personal del mercado le asistir\u00e1.<\/p>\n\t\t\t\t\t\t\u00bfPuedo usar mis beneficios de WIC en el mercado agr\u00edcola?\n\t\t\t<p>Solo los mercados en Austin actualmente aceptan los beneficios de WIC EBT. Sin embargo, muchos mercados que participan en <em>Double Up<\/em> ofrecen cupones de WIC c\u00f3mo parte del Programa de Nutrici\u00f3n de Mercados Agr\u00edcolas durante los meses de verano. <a href=\"\/es\/texas-wic\/\">Ver m\u00e1s aqu\u00ed<\/a>.<\/p>\n\t\t\t\t<img loading=\"lazy\" decoding=\"async\" src=\"https:\/\/doubleupcolorado.org\/wp-content\/uploads\/sites\/16\/2020\/11\/eggplant.svg\" alt=\"Una berenjena\" height=\"243\" width=\"179\" title=\"eggplant\" \/>\n<h2>\n\t\tSNAP y Lone Star\n\t<\/h2>\n\t\t\t\t\t\t\u00bfDe qu\u00e9 se trata el Programa de Asistencia de Nutrici\u00f3n Suplementaria (SNAP, por sus siglas en ingl\u00e9s)?\n\t\t\t<p>SNAP (anteriormente conocido c\u00f3mo estampillas de alimentos) es un programa federal de asistencia alimentaria que proporciona beneficios a las familias para que as\u00ed puedan comprar alimentos en tiendas locales de venta al p\u00fablico. <\/p>\n<p><em>Double Up Food Bucks<\/em> duplica el valor de los beneficios de SNAP que se gastan en mercados agr\u00edcolas y tiendas de abarrotes que participan en el programa.<\/p>\n\t\t\t\t\t\t\u00bfPuedo calificar para recibir SNAP?\n\t\t\t<p>Visite el sitio <a href=\"https:\/\/www.yourtexasbenefits.com\/Learn\/Home?lang=es_ES\" target=\"_blank\" rel=\"noopener\">para m\u00e1s informaci\u00f3n<\/a> sobre c\u00f3mo calificar para los beneficios de SNAP\/EBT.<\/p>\n\t\t\t\t\t\t\u00bfPuedo usar mi tarjeta EBT en otro estado?\n\t\t\t<p>S\u00ed, puede usar su tarjeta EBT fuera del estado. Si usted est\u00e1 de visita en Colorado y tiene tarjeta SNAP EBT de otro estado, tambi\u00e9n puede usarla en Colorado.<\/p>\n\t\t\t\t\t\t\u00bfQu\u00e9 puedo comprar con mi tarjeta SNAP?\n\t\t\t<p>Puede usar su tarjeta SNAP para comprar cualquier tipo de alimento no preparado, y semillas o plantas alimenticias. No se permite usar la tarjeta SNAP para comprar art\u00edculos tales c\u00f3mo alcohol de beber, productos de tabaco, vitaminas y productos dom\u00e9sticos no alimenticios. Tampoco se permite comprar ningunos alimentos ya preparados calientes y listos para consumir con la tarjeta SNAP.<\/p>\n\n","protected":false},"excerpt":{"rendered":"<p>Preguntas Frecuentes Obtenga respuestas sobre Double Up Food Bucks Colorado. Ir a Generales Supermercados el mercado agr\u00edcola SNAP y Lone Star Ir a Preguntas generales \u00bfC\u00f3mo funciona el programa Double Up? Double Up duplica el valor de los beneficios para alimentos de SNAP, dolar-a-dolar cuando los gasta en una tienda o mercado que participa en&hellip;<\/p>\n","protected":false},"author":4,"featured_media":2189,"parent":0,"menu_order":0,"comment_status":"closed","ping_status":"closed","template":"","meta":{"_acf_changed":false,"inline_featured_image":false,"footnotes":""},"class_list":["post-2273","page","type-page","status-publish","has-post-thumbnail","hentry"],"acf":[],"yoast_head":"<!-- This site is optimized with the Yoast SEO plugin v27.4 - https:\/\/yoast.com\/product\/yoast-seo-wordpress\/ -->\n<title>Preguntas Frecuentes | DUFB Colorado<\/title>\n<meta name=\"description\" content=\"Obtenga respuestas sobre Double Up Food Bucks Colorado. \u00bfNo est\u00e1 en Colorado?\" \/>\n<meta name=\"robots\" content=\"index, follow, max-snippet:-1, max-image-preview:large, max-video-preview:-1\" \/>\n<link rel=\"canonical\" href=\"https:\/\/doubleupcolorado.org\/es\/preguntas-frecuentes\/\" \/>\n<meta property=\"og:locale\" content=\"es_ES\" \/>\n<meta property=\"og:type\" content=\"article\" \/>\n<meta property=\"og:title\" content=\"Preguntas Frecuentes | DUFB Colorado\" \/>\n<meta property=\"og:description\" content=\"Obtenga respuestas sobre Double Up Food Bucks Colorado. \u00bfNo est\u00e1 en Colorado?\" \/>\n<meta property=\"og:url\" content=\"https:\/\/doubleupcolorado.org\/es\/preguntas-frecuentes\/\" \/>\n<meta property=\"og:site_name\" content=\"Double Up Food Bucks | Colorado\" \/>\n<meta property=\"article:modified_time\" content=\"2025-07-30T23:19:00+00:00\" \/>\n<meta property=\"og:image\" content=\"https:\/\/doubleupcolorado.org\/wp-content\/uploads\/sites\/24\/2022\/01\/faq-hero.jpg\" \/>\n\t<meta property=\"og:image:width\" content=\"1600\" \/>\n\t<meta property=\"og:image:height\" content=\"1000\" \/>\n\t<meta property=\"og:image:type\" content=\"image\/jpeg\" \/>\n<meta name=\"twitter:card\" content=\"summary_large_image\" \/>\n<meta name=\"twitter:label1\" content=\"Tiempo de lectura\" \/>\n\t<meta name=\"twitter:data1\" content=\"7 minutos\" \/>\n<script type=\"application\/ld+json\" class=\"yoast-schema-graph\">{\"@context\":\"https:\\\/\\\/schema.org\",\"@graph\":[{\"@type\":\"WebPage\",\"@id\":\"https:\\\/\\\/doubleupcolorado.org\\\/es\\\/preguntas-frecuentes\\\/\",\"url\":\"https:\\\/\\\/doubleupcolorado.org\\\/es\\\/preguntas-frecuentes\\\/\",\"name\":\"Preguntas Frecuentes | DUFB Colorado\",\"isPartOf\":{\"@id\":\"https:\\\/\\\/doubleupcolorado.org\\\/es\\\/#website\"},\"primaryImageOfPage\":{\"@id\":\"https:\\\/\\\/doubleupcolorado.org\\\/es\\\/preguntas-frecuentes\\\/#primaryimage\"},\"image\":{\"@id\":\"https:\\\/\\\/doubleupcolorado.org\\\/es\\\/preguntas-frecuentes\\\/#primaryimage\"},\"thumbnailUrl\":\"https:\\\/\\\/doubleupcolorado.org\\\/wp-content\\\/uploads\\\/sites\\\/24\\\/2022\\\/01\\\/faq-hero.jpg\",\"datePublished\":\"2022-01-25T01:41:40+00:00\",\"dateModified\":\"2025-07-30T23:19:00+00:00\",\"description\":\"Obtenga respuestas sobre Double Up Food Bucks Colorado. \u00bfNo est\u00e1 en Colorado?\",\"breadcrumb\":{\"@id\":\"https:\\\/\\\/doubleupcolorado.org\\\/es\\\/preguntas-frecuentes\\\/#breadcrumb\"},\"inLanguage\":\"es\",\"potentialAction\":[{\"@type\":\"ReadAction\",\"target\":[\"https:\\\/\\\/doubleupcolorado.org\\\/es\\\/preguntas-frecuentes\\\/\"]}]},{\"@type\":\"ImageObject\",\"inLanguage\":\"es\",\"@id\":\"https:\\\/\\\/doubleupcolorado.org\\\/es\\\/preguntas-frecuentes\\\/#primaryimage\",\"url\":\"https:\\\/\\\/doubleupcolorado.org\\\/wp-content\\\/uploads\\\/sites\\\/24\\\/2022\\\/01\\\/faq-hero.jpg\",\"contentUrl\":\"https:\\\/\\\/doubleupcolorado.org\\\/wp-content\\\/uploads\\\/sites\\\/24\\\/2022\\\/01\\\/faq-hero.jpg\",\"width\":1600,\"height\":1000,\"caption\":\"Two women selecting produce like tomato's and cabbage at a farmers market\"},{\"@type\":\"BreadcrumbList\",\"@id\":\"https:\\\/\\\/doubleupcolorado.org\\\/es\\\/preguntas-frecuentes\\\/#breadcrumb\",\"itemListElement\":[{\"@type\":\"ListItem\",\"position\":1,\"name\":\"Home\",\"item\":\"https:\\\/\\\/doubleupcolorado.org\\\/es\\\/\"},{\"@type\":\"ListItem\",\"position\":2,\"name\":\"Preguntas Frecuentes\"}]},{\"@type\":\"WebSite\",\"@id\":\"https:\\\/\\\/doubleupcolorado.org\\\/es\\\/#website\",\"url\":\"https:\\\/\\\/doubleupcolorado.org\\\/es\\\/\",\"name\":\"Double Up Food Bucks | Colorado\",\"description\":\"Get MORE fruits &amp; veggies with Double Up Food Bucks\",\"potentialAction\":[{\"@type\":\"SearchAction\",\"target\":{\"@type\":\"EntryPoint\",\"urlTemplate\":\"https:\\\/\\\/doubleupcolorado.org\\\/es\\\/?s={search_term_string}\"},\"query-input\":{\"@type\":\"PropertyValueSpecification\",\"valueRequired\":true,\"valueName\":\"search_term_string\"}}],\"inLanguage\":\"es\"}]}<\/script>\n<!-- \/ Yoast SEO plugin. -->","yoast_head_json":{"title":"Preguntas Frecuentes | DUFB Colorado","description":"Obtenga respuestas sobre Double Up Food Bucks Colorado. \u00bfNo est\u00e1 en Colorado?","robots":{"index":"index","follow":"follow","max-snippet":"max-snippet:-1","max-image-preview":"max-image-preview:large","max-video-preview":"max-video-preview:-1"},"canonical":"https:\/\/doubleupcolorado.org\/es\/preguntas-frecuentes\/","og_locale":"es_ES","og_type":"article","og_title":"Preguntas Frecuentes | DUFB Colorado","og_description":"Obtenga respuestas sobre Double Up Food Bucks Colorado. \u00bfNo est\u00e1 en Colorado?","og_url":"https:\/\/doubleupcolorado.org\/es\/preguntas-frecuentes\/","og_site_name":"Double Up Food Bucks | Colorado","article_modified_time":"2025-07-30T23:19:00+00:00","og_image":[{"width":1600,"height":1000,"url":"https:\/\/doubleupcolorado.org\/wp-content\/uploads\/sites\/24\/2022\/01\/faq-hero.jpg","type":"image\/jpeg"}],"twitter_card":"summary_large_image","twitter_misc":{"Tiempo de lectura":"7 minutos"},"schema":{"@context":"https:\/\/schema.org","@graph":[{"@type":"WebPage","@id":"https:\/\/doubleupcolorado.org\/es\/preguntas-frecuentes\/","url":"https:\/\/doubleupcolorado.org\/es\/preguntas-frecuentes\/","name":"Preguntas Frecuentes | DUFB Colorado","isPartOf":{"@id":"https:\/\/doubleupcolorado.org\/es\/#website"},"primaryImageOfPage":{"@id":"https:\/\/doubleupcolorado.org\/es\/preguntas-frecuentes\/#primaryimage"},"image":{"@id":"https:\/\/doubleupcolorado.org\/es\/preguntas-frecuentes\/#primaryimage"},"thumbnailUrl":"https:\/\/doubleupcolorado.org\/wp-content\/uploads\/sites\/24\/2022\/01\/faq-hero.jpg","datePublished":"2022-01-25T01:41:40+00:00","dateModified":"2025-07-30T23:19:00+00:00","description":"Obtenga respuestas sobre Double Up Food Bucks Colorado. \u00bfNo est\u00e1 en Colorado?","breadcrumb":{"@id":"https:\/\/doubleupcolorado.org\/es\/preguntas-frecuentes\/#breadcrumb"},"inLanguage":"es","potentialAction":[{"@type":"ReadAction","target":["https:\/\/doubleupcolorado.org\/es\/preguntas-frecuentes\/"]}]},{"@type":"ImageObject","inLanguage":"es","@id":"https:\/\/doubleupcolorado.org\/es\/preguntas-frecuentes\/#primaryimage","url":"https:\/\/doubleupcolorado.org\/wp-content\/uploads\/sites\/24\/2022\/01\/faq-hero.jpg","contentUrl":"https:\/\/doubleupcolorado.org\/wp-content\/uploads\/sites\/24\/2022\/01\/faq-hero.jpg","width":1600,"height":1000,"caption":"Two women selecting produce like tomato's and cabbage at a farmers market"},{"@type":"BreadcrumbList","@id":"https:\/\/doubleupcolorado.org\/es\/preguntas-frecuentes\/#breadcrumb","itemListElement":[{"@type":"ListItem","position":1,"name":"Home","item":"https:\/\/doubleupcolorado.org\/es\/"},{"@type":"ListItem","position":2,"name":"Preguntas Frecuentes"}]},{"@type":"WebSite","@id":"https:\/\/doubleupcolorado.org\/es\/#website","url":"https:\/\/doubleupcolorado.org\/es\/","name":"Double Up Food Bucks | Colorado","description":"Get MORE fruits &amp; veggies with Double Up Food Bucks","potentialAction":[{"@type":"SearchAction","target":{"@type":"EntryPoint","urlTemplate":"https:\/\/doubleupcolorado.org\/es\/?s={search_term_string}"},"query-input":{"@type":"PropertyValueSpecification","valueRequired":true,"valueName":"search_term_string"}}],"inLanguage":"es"}]}},"_links":{"self":[{"href":"https:\/\/doubleupcolorado.org\/es\/wp-json\/wp\/v2\/pages\/2273","targetHints":{"allow":["GET"]}}],"collection":[{"href":"https:\/\/doubleupcolorado.org\/es\/wp-json\/wp\/v2\/pages"}],"about":[{"href":"https:\/\/doubleupcolorado.org\/es\/wp-json\/wp\/v2\/types\/page"}],"author":[{"embeddable":true,"href":"https:\/\/doubleupcolorado.org\/es\/wp-json\/wp\/v2\/users\/4"}],"replies":[{"embeddable":true,"href":"https:\/\/doubleupcolorado.org\/es\/wp-json\/wp\/v2\/comments?post=2273"}],"version-history":[{"count":0,"href":"https:\/\/doubleupcolorado.org\/es\/wp-json\/wp\/v2\/pages\/2273\/revisions"}],"wp:featuredmedia":[{"embeddable":true,"href":"https:\/\/doubleupcolorado.org\/es\/wp-json\/wp\/v2\/media\/2189"}],"wp:attachment":[{"href":"https:\/\/doubleupcolorado.org\/es\/wp-json\/wp\/v2\/media?parent=2273"}],"curies":[{"name":"wp","href":"https:\/\/api.w.org\/{rel}","templated":true}]}}