{"id":2272,"date":"2022-01-25T01:01:00","date_gmt":"2022-01-25T01:01:00","guid":{"rendered":"https:\/\/colorado.doubleupfoodbucks.org\/contactenos\/"},"modified":"2025-09-03T13:31:53","modified_gmt":"2025-09-03T18:31:53","slug":"contactenos","status":"publish","type":"page","link":"https:\/\/doubleupcolorado.org\/es\/contactenos\/","title":{"rendered":"P\u00f3ngase En Contacto Con Nosotros"},"content":{"rendered":"\n<h1>\n\t\t\tP\u00f3ngase En Contacto Con Nosotros\t<\/h1>\n\t\t\t\t<img decoding=\"async\" src=\"https:\/\/doubleupcolorado.org\/wp-content\/uploads\/sites\/16\/2020\/10\/arrow_down_white.svg\" alt=\"arrow_down_white\" itemprop=\"image\" height=\"32\" width=\"18\" title=\"arrow_down_white\" onerror=\"this.style.display='none'\" loading=\"lazy\" \/>\n\t\t\t\t<img decoding=\"async\" src=\"https:\/\/doubleupcolorado.org\/wp-content\/uploads\/sites\/16\/2020\/11\/wave_bottom2.svg\" alt=\"wave_bottom2\" itemprop=\"image\" height=\"112\" width=\"1367\" title=\"wave_bottom2\" onerror=\"this.style.display='none'\" loading=\"lazy\" \/>\n<h2>\n\t\t\tComun\u00edquese con nosotros\t<\/h2>\n\t<p><strong>Tel\u00e9fono:<\/strong><br \/>Deje un mensaje y le devolveremos la llamada.<br \/>720.573.3617<\/p>\n<p><strong>Correo electr\u00f3nico: <\/strong><br \/><a href=\"mailto:doubleup@nourishcolorado.org\">doubleup@nourishcolorado.org<\/a><\/p>\n<p>Tambi\u00e9n puede consultar nuestra p\u00e1gina de <a href=\"https:\/\/doubleupcolorado.org\/es\/preguntas-frecuentes\/\">preguntas frecuentes<\/a> para obtener respuestas a algunas de las preguntas m\u00e1s habituales.<\/p>\n<h3>\n\t\t\tFormulario de contacto\t<\/h3>\n\t<div class=\"wpforms-container wpforms-container-full dufb_form\" id=\"wpforms-2269\"><form id=\"wpforms-form-2269\" class=\"wpforms-validate wpforms-form wpforms-ajax-form\" data-formid=\"2269\" method=\"post\" enctype=\"multipart\/form-data\" action=\"\/es\/wp-json\/wp\/v2\/pages\/2272\" data-token=\"de2c6e177bf9969b3a30f29768511fcc\" data-token-time=\"1776491886\"><noscript class=\"wpforms-error-noscript\">Por favor, activa JavaScript en tu navegador para completar este formulario.<\/noscript><div class=\"wpforms-field-container\"><div id=\"wpforms-2269-field_0-container\" class=\"wpforms-field wpforms-field-name wpforms-one-half wpforms-first\" data-field-id=\"0\"><label class=\"wpforms-field-label wpforms-label-hide\" for=\"wpforms-2269-field_0\">Nombre <span class=\"wpforms-required-label\">*<\/span><\/label><input type=\"text\" id=\"wpforms-2269-field_0\" class=\"wpforms-field-large wpforms-field-required\" name=\"wpforms[fields][0]\" placeholder=\"Nombre*\" required><\/div>\t\t<div id=\"wpforms-2269-field_4-container\"\n\t\t\tclass=\"wpforms-field wpforms-field-text\"\n\t\t\tdata-field-type=\"text\"\n\t\t\tdata-field-id=\"4\"\n\t\t\t>\n\t\t\t<label class=\"wpforms-field-label\" for=\"wpforms-2269-field_4\" >o mensaje El<\/label>\n\t\t\t<input type=\"text\" id=\"wpforms-2269-field_4\" class=\"wpforms-field-medium\" name=\"wpforms[fields][4]\" >\n\t\t<\/div>\n\t\t<div id=\"wpforms-2269-field_1-container\" class=\"wpforms-field wpforms-field-email wpforms-one-half\" data-field-id=\"1\"><label class=\"wpforms-field-label wpforms-label-hide\" for=\"wpforms-2269-field_1\">Correo electr\u00f3nico<\/label><input type=\"email\" id=\"wpforms-2269-field_1\" class=\"wpforms-field-large\" name=\"wpforms[fields][1]\" placeholder=\"Correo electr\u00f3nico\" spellcheck=\"false\" ><\/div><div id=\"wpforms-2269-field_3-container\" class=\"wpforms-field wpforms-field-phone wpforms-one-half wpforms-first\" data-field-id=\"3\"><label class=\"wpforms-field-label wpforms-label-hide\" for=\"wpforms-2269-field_3\">Tel\u00e9fono<\/label><input type=\"tel\" id=\"wpforms-2269-field_3\" class=\"wpforms-field-large wpforms-masked-input\" data-inputmask=\"&#039;mask&#039;: &#039;(999) 999-9999&#039;\" data-rule-us-phone-field=\"true\" data-inputmask-inputmode=\"tel\" name=\"wpforms[fields][3]\" placeholder=\"Tel\u00e9fono\" aria-label=\"Tel\u00e9fono\" ><\/div><div id=\"wpforms-2269-field_5-container\" class=\"wpforms-field wpforms-field-text wpforms-one-half\" data-field-id=\"5\"><label class=\"wpforms-field-label wpforms-label-hide\" for=\"wpforms-2269-field_5\">Ciudad o Ubicaci\u00f3n<\/label><input type=\"text\" id=\"wpforms-2269-field_5\" class=\"wpforms-field-large\" name=\"wpforms[fields][5]\" placeholder=\"Ciudad o Ubicaci\u00f3n\" ><\/div><div id=\"wpforms-2269-field_2-container\" class=\"wpforms-field wpforms-field-textarea\" data-field-id=\"2\"><label class=\"wpforms-field-label wpforms-label-hide\" for=\"wpforms-2269-field_2\">El mensaje <span class=\"wpforms-required-label\">*<\/span><\/label><textarea id=\"wpforms-2269-field_2\" class=\"wpforms-field-medium wpforms-field-required\" name=\"wpforms[fields][2]\" placeholder=\"El mensaje*\" required><\/textarea><\/div><script>\n\t\t\t\t( function() {\n\t\t\t\t\tconst style = document.createElement( 'style' );\n\t\t\t\t\tstyle.appendChild( document.createTextNode( '#wpforms-2269-field_4-container { position: absolute !important; overflow: hidden !important; display: inline !important; height: 1px !important; width: 1px !important; z-index: -1000 !important; padding: 0 !important; } #wpforms-2269-field_4-container input { visibility: hidden; } #wpforms-conversational-form-page #wpforms-2269-field_4-container label { counter-increment: none; }' ) );\n\t\t\t\t\tdocument.head.appendChild( style );\n\t\t\t\t\tdocument.currentScript?.remove();\n\t\t\t\t} )();\n\t\t\t<\/script><\/div><!-- .wpforms-field-container --><div class=\"wpforms-recaptcha-container wpforms-is-recaptcha wpforms-is-recaptcha-type-v3\" ><input type=\"hidden\" name=\"wpforms[recaptcha]\" value=\"\"><\/div><div class=\"wpforms-submit-container\" ><input type=\"hidden\" name=\"wpforms[id]\" value=\"2269\"><input type=\"hidden\" name=\"page_title\" value=\"\"><input type=\"hidden\" name=\"page_url\" value=\"https:\/\/doubleupcolorado.org\/es\/wp-json\/wp\/v2\/pages\/2272\"><input type=\"hidden\" name=\"url_referer\" value=\"\"><button type=\"submit\" name=\"wpforms[submit]\" id=\"wpforms-submit-2269\" class=\"wpforms-submit dufb_submit_form\" data-alt-text=\"Enviando...\" data-submit-text=\"ENV\u00cdE SU MENSAJE\" aria-live=\"assertive\" value=\"wpforms-submit\">ENV\u00cdE SU MENSAJE<\/button><img loading=\"lazy\" decoding=\"async\" src=\"https:\/\/doubleupcolorado.org\/wp-content\/plugins\/wpforms\/assets\/images\/submit-spin.svg\" class=\"wpforms-submit-spinner\" style=\"display: none;\" width=\"26\" height=\"26\" alt=\"Cargando\"><\/div><\/form><\/div>  <!-- .wpforms-container -->\n\n","protected":false},"excerpt":{"rendered":"<p>P\u00f3ngase En Contacto Con Nosotros Comun\u00edquese con nosotros Tel\u00e9fono:Deje un mensaje y le devolveremos la llamada.720.573.3617 Correo electr\u00f3nico: doubleup@nourishcolorado.org Tambi\u00e9n puede consultar nuestra p\u00e1gina de preguntas frecuentes para obtener respuestas a algunas de las preguntas m\u00e1s habituales. Formulario de contacto<\/p>\n","protected":false},"author":8,"featured_media":2187,"parent":0,"menu_order":0,"comment_status":"closed","ping_status":"closed","template":"","meta":{"_acf_changed":false,"inline_featured_image":false,"footnotes":""},"class_list":["post-2272","page","type-page","status-publish","has-post-thumbnail","hentry"],"acf":[],"yoast_head":"<!-- This site is optimized with the Yoast SEO plugin v27.4 - https:\/\/yoast.com\/product\/yoast-seo-wordpress\/ -->\n<title>P\u00f3ngase En Contacto Con Nosotros | DUFB Colorado<\/title>\n<meta name=\"description\" content=\"Cont\u00e1ctanos para conocer m\u00e1s sobre el programa Double Up Food Bucks.\" \/>\n<meta name=\"robots\" content=\"index, follow, max-snippet:-1, max-image-preview:large, max-video-preview:-1\" \/>\n<link rel=\"canonical\" href=\"https:\/\/doubleupcolorado.org\/es\/contactenos\/\" \/>\n<meta property=\"og:locale\" content=\"es_ES\" \/>\n<meta property=\"og:type\" content=\"article\" \/>\n<meta property=\"og:title\" content=\"P\u00f3ngase En Contacto Con Nosotros | DUFB Colorado\" \/>\n<meta property=\"og:description\" content=\"Cont\u00e1ctanos para conocer m\u00e1s sobre el programa Double Up Food Bucks.\" \/>\n<meta property=\"og:url\" content=\"https:\/\/doubleupcolorado.org\/es\/contactenos\/\" \/>\n<meta property=\"og:site_name\" content=\"Double Up Food Bucks | Colorado\" \/>\n<meta property=\"article:modified_time\" content=\"2025-09-03T18:31:53+00:00\" \/>\n<meta property=\"og:image\" content=\"https:\/\/doubleupcolorado.org\/wp-content\/uploads\/sites\/24\/2022\/01\/contact-hero.jpg\" \/>\n\t<meta property=\"og:image:width\" content=\"1600\" \/>\n\t<meta property=\"og:image:height\" content=\"1000\" \/>\n\t<meta property=\"og:image:type\" content=\"image\/jpeg\" \/>\n<meta name=\"twitter:card\" content=\"summary_large_image\" \/>\n<script type=\"application\/ld+json\" class=\"yoast-schema-graph\">{\"@context\":\"https:\\\/\\\/schema.org\",\"@graph\":[{\"@type\":\"WebPage\",\"@id\":\"https:\\\/\\\/doubleupcolorado.org\\\/es\\\/contactenos\\\/\",\"url\":\"https:\\\/\\\/doubleupcolorado.org\\\/es\\\/contactenos\\\/\",\"name\":\"P\u00f3ngase En Contacto Con Nosotros | DUFB Colorado\",\"isPartOf\":{\"@id\":\"https:\\\/\\\/doubleupcolorado.org\\\/es\\\/#website\"},\"primaryImageOfPage\":{\"@id\":\"https:\\\/\\\/doubleupcolorado.org\\\/es\\\/contactenos\\\/#primaryimage\"},\"image\":{\"@id\":\"https:\\\/\\\/doubleupcolorado.org\\\/es\\\/contactenos\\\/#primaryimage\"},\"thumbnailUrl\":\"https:\\\/\\\/doubleupcolorado.org\\\/wp-content\\\/uploads\\\/sites\\\/24\\\/2022\\\/01\\\/contact-hero.jpg\",\"datePublished\":\"2022-01-25T01:01:00+00:00\",\"dateModified\":\"2025-09-03T18:31:53+00:00\",\"description\":\"Cont\u00e1ctanos para conocer m\u00e1s sobre el programa Double Up Food Bucks.\",\"breadcrumb\":{\"@id\":\"https:\\\/\\\/doubleupcolorado.org\\\/es\\\/contactenos\\\/#breadcrumb\"},\"inLanguage\":\"es\",\"potentialAction\":[{\"@type\":\"ReadAction\",\"target\":[\"https:\\\/\\\/doubleupcolorado.org\\\/es\\\/contactenos\\\/\"]}]},{\"@type\":\"ImageObject\",\"inLanguage\":\"es\",\"@id\":\"https:\\\/\\\/doubleupcolorado.org\\\/es\\\/contactenos\\\/#primaryimage\",\"url\":\"https:\\\/\\\/doubleupcolorado.org\\\/wp-content\\\/uploads\\\/sites\\\/24\\\/2022\\\/01\\\/contact-hero.jpg\",\"contentUrl\":\"https:\\\/\\\/doubleupcolorado.org\\\/wp-content\\\/uploads\\\/sites\\\/24\\\/2022\\\/01\\\/contact-hero.jpg\",\"width\":1600,\"height\":1000,\"caption\":\"A Black woman in a yellow dress registering on an iPad\"},{\"@type\":\"BreadcrumbList\",\"@id\":\"https:\\\/\\\/doubleupcolorado.org\\\/es\\\/contactenos\\\/#breadcrumb\",\"itemListElement\":[{\"@type\":\"ListItem\",\"position\":1,\"name\":\"Home\",\"item\":\"https:\\\/\\\/doubleupcolorado.org\\\/es\\\/\"},{\"@type\":\"ListItem\",\"position\":2,\"name\":\"P\u00f3ngase En Contacto Con Nosotros\"}]},{\"@type\":\"WebSite\",\"@id\":\"https:\\\/\\\/doubleupcolorado.org\\\/es\\\/#website\",\"url\":\"https:\\\/\\\/doubleupcolorado.org\\\/es\\\/\",\"name\":\"Double Up Food Bucks | Colorado\",\"description\":\"Get MORE fruits &amp; veggies with Double Up Food Bucks\",\"potentialAction\":[{\"@type\":\"SearchAction\",\"target\":{\"@type\":\"EntryPoint\",\"urlTemplate\":\"https:\\\/\\\/doubleupcolorado.org\\\/es\\\/?s={search_term_string}\"},\"query-input\":{\"@type\":\"PropertyValueSpecification\",\"valueRequired\":true,\"valueName\":\"search_term_string\"}}],\"inLanguage\":\"es\"}]}<\/script>\n<!-- \/ Yoast SEO plugin. -->","yoast_head_json":{"title":"P\u00f3ngase En Contacto Con Nosotros | DUFB Colorado","description":"Cont\u00e1ctanos para conocer m\u00e1s sobre el programa Double Up Food Bucks.","robots":{"index":"index","follow":"follow","max-snippet":"max-snippet:-1","max-image-preview":"max-image-preview:large","max-video-preview":"max-video-preview:-1"},"canonical":"https:\/\/doubleupcolorado.org\/es\/contactenos\/","og_locale":"es_ES","og_type":"article","og_title":"P\u00f3ngase En Contacto Con Nosotros | DUFB Colorado","og_description":"Cont\u00e1ctanos para conocer m\u00e1s sobre el programa Double Up Food Bucks.","og_url":"https:\/\/doubleupcolorado.org\/es\/contactenos\/","og_site_name":"Double Up Food Bucks | Colorado","article_modified_time":"2025-09-03T18:31:53+00:00","og_image":[{"width":1600,"height":1000,"url":"https:\/\/doubleupcolorado.org\/wp-content\/uploads\/sites\/24\/2022\/01\/contact-hero.jpg","type":"image\/jpeg"}],"twitter_card":"summary_large_image","schema":{"@context":"https:\/\/schema.org","@graph":[{"@type":"WebPage","@id":"https:\/\/doubleupcolorado.org\/es\/contactenos\/","url":"https:\/\/doubleupcolorado.org\/es\/contactenos\/","name":"P\u00f3ngase En Contacto Con Nosotros | DUFB Colorado","isPartOf":{"@id":"https:\/\/doubleupcolorado.org\/es\/#website"},"primaryImageOfPage":{"@id":"https:\/\/doubleupcolorado.org\/es\/contactenos\/#primaryimage"},"image":{"@id":"https:\/\/doubleupcolorado.org\/es\/contactenos\/#primaryimage"},"thumbnailUrl":"https:\/\/doubleupcolorado.org\/wp-content\/uploads\/sites\/24\/2022\/01\/contact-hero.jpg","datePublished":"2022-01-25T01:01:00+00:00","dateModified":"2025-09-03T18:31:53+00:00","description":"Cont\u00e1ctanos para conocer m\u00e1s sobre el programa Double Up Food Bucks.","breadcrumb":{"@id":"https:\/\/doubleupcolorado.org\/es\/contactenos\/#breadcrumb"},"inLanguage":"es","potentialAction":[{"@type":"ReadAction","target":["https:\/\/doubleupcolorado.org\/es\/contactenos\/"]}]},{"@type":"ImageObject","inLanguage":"es","@id":"https:\/\/doubleupcolorado.org\/es\/contactenos\/#primaryimage","url":"https:\/\/doubleupcolorado.org\/wp-content\/uploads\/sites\/24\/2022\/01\/contact-hero.jpg","contentUrl":"https:\/\/doubleupcolorado.org\/wp-content\/uploads\/sites\/24\/2022\/01\/contact-hero.jpg","width":1600,"height":1000,"caption":"A Black woman in a yellow dress registering on an iPad"},{"@type":"BreadcrumbList","@id":"https:\/\/doubleupcolorado.org\/es\/contactenos\/#breadcrumb","itemListElement":[{"@type":"ListItem","position":1,"name":"Home","item":"https:\/\/doubleupcolorado.org\/es\/"},{"@type":"ListItem","position":2,"name":"P\u00f3ngase En Contacto Con Nosotros"}]},{"@type":"WebSite","@id":"https:\/\/doubleupcolorado.org\/es\/#website","url":"https:\/\/doubleupcolorado.org\/es\/","name":"Double Up Food Bucks | Colorado","description":"Get MORE fruits &amp; veggies with Double Up Food Bucks","potentialAction":[{"@type":"SearchAction","target":{"@type":"EntryPoint","urlTemplate":"https:\/\/doubleupcolorado.org\/es\/?s={search_term_string}"},"query-input":{"@type":"PropertyValueSpecification","valueRequired":true,"valueName":"search_term_string"}}],"inLanguage":"es"}]}},"_links":{"self":[{"href":"https:\/\/doubleupcolorado.org\/es\/wp-json\/wp\/v2\/pages\/2272","targetHints":{"allow":["GET"]}}],"collection":[{"href":"https:\/\/doubleupcolorado.org\/es\/wp-json\/wp\/v2\/pages"}],"about":[{"href":"https:\/\/doubleupcolorado.org\/es\/wp-json\/wp\/v2\/types\/page"}],"author":[{"embeddable":true,"href":"https:\/\/doubleupcolorado.org\/es\/wp-json\/wp\/v2\/users\/8"}],"replies":[{"embeddable":true,"href":"https:\/\/doubleupcolorado.org\/es\/wp-json\/wp\/v2\/comments?post=2272"}],"version-history":[{"count":0,"href":"https:\/\/doubleupcolorado.org\/es\/wp-json\/wp\/v2\/pages\/2272\/revisions"}],"wp:featuredmedia":[{"embeddable":true,"href":"https:\/\/doubleupcolorado.org\/es\/wp-json\/wp\/v2\/media\/2187"}],"wp:attachment":[{"href":"https:\/\/doubleupcolorado.org\/es\/wp-json\/wp\/v2\/media?parent=2272"}],"curies":[{"name":"wp","href":"https:\/\/api.w.org\/{rel}","templated":true}]}}