{"id":2271,"date":"2022-01-25T00:57:58","date_gmt":"2022-01-25T00:57:58","guid":{"rendered":"https:\/\/colorado.doubleupfoodbucks.org\/participar\/"},"modified":"2025-08-27T15:45:52","modified_gmt":"2025-08-27T20:45:52","slug":"participar","status":"publish","type":"page","link":"https:\/\/doubleupcolorado.org\/es\/participar\/","title":{"rendered":"Participa En Double Up"},"content":{"rendered":"\n<h1>\n\t\t\tParticipa En Double Up\t<\/h1>\n\t\t\t\t<img decoding=\"async\" src=\"https:\/\/doubleupcolorado.org\/wp-content\/uploads\/sites\/24\/2025\/08\/eyufs2cxsximespz1e3.svg\" alt=\"eyufs2cxsximespz1e3\" itemprop=\"image\" height=\"181\" width=\"386\" title=\"eyufs2cxsximespz1e3\" onerror=\"this.style.display='none'\" loading=\"lazy\" \/>\n\t<p>P\u00e1sate al bando de los pl\u00e1tanos (y las manzanas, y las cerezas) y h\u00e1blales a los dem\u00e1s de Double Up.<\/p>\n\t\t\t\t<img decoding=\"async\" src=\"https:\/\/doubleupcolorado.org\/wp-content\/uploads\/sites\/16\/2020\/10\/arrow_down_white.svg\" alt=\"arrow_down_white\" itemprop=\"image\" height=\"32\" width=\"18\" title=\"arrow_down_white\" onerror=\"this.style.display='none'\" loading=\"lazy\" \/>\n\t\t\t\t<img decoding=\"async\" src=\"https:\/\/doubleupcolorado.org\/wp-content\/uploads\/sites\/16\/2020\/11\/wave_bottom2.svg\" alt=\"wave_bottom2\" itemprop=\"image\" height=\"112\" width=\"1367\" title=\"wave_bottom2\" onerror=\"this.style.display='none'\" loading=\"lazy\" \/>\n    Ir a <br \/>    \n        <a href=\"#join\">\u00danete a nosotros<\/a><br \/>        <a href=\"#offer\">Ofrece Double Up<\/a><br \/>        <!-- <a href=\"#volunteer\">Hazte voluntario<\/a> --><br \/>        <a href=\"#spread-the-word\">Corre la voz<\/a><br \/>        <a href=\"#contact\">Ponte en contacto con nosotros<\/a><br \/>    <br \/>    Ir a  <br \/>\n<h2>\n\t\t\t\u00danete a la comunidad de Double Up\t<\/h2>\n\t<p>Double Up Food Bucks comenz\u00f3 en Colorado en 2017. Desde entonces, ha crecido a m\u00e1s de 100 ubicaciones.<\/p>\n<p>Usted puede ayudarnos a llevar Double Up Food Bucks a a\u00fan m\u00e1s gente. Es facil\u00edsimo.<\/p>\n\t\t\t\t<img decoding=\"async\" src=\"https:\/\/doubleupcolorado.org\/wp-content\/uploads\/sites\/16\/2020\/11\/icon_strawberry.svg\" alt=\"icon_strawberry\" itemprop=\"image\" height=\"71\" width=\"51\" title=\"icon_strawberry\" onerror=\"this.style.display='none'\" loading=\"lazy\" \/>\n\t<h3>Enlaces populares<\/h3>\n\t<a href=\"https:\/\/www.facebook.com\/LetsNourishCO\" target=\"_blank\" rel=\"noopener\">Facebook<\/a>\n<a href=\"https:\/\/www.instagram.com\/LetsNourishCO\" target=\"_blank\" rel=\"noopener\">Instagram @LetsNourishCO<\/a>\n<a href=\"https:\/\/www.instagram.com\/DoubleUpCO\" target=\"_blank\" rel=\"noopener\">Instagram @DoubleUpCO<\/a>\n<h2>\n\t\t\tAyuda a Double Up a crecer\t<\/h2>\n\t<p><b>Convi\u00e9rtete en una tienda o mercado participante<\/b><\/p>\n<p>\u00danete a los m\u00e1s de 100 locales que apoyan a sus comunidades con un mejor acceso a frutas y verduras frescas. \u00a1Tambi\u00e9n puedes recomendar un establecimiento cercano si crees que podr\u00eda ofrecer Double Up Food Bucks!<\/p>\n<p>Aqu\u00ed tienes un enlace a nuestro formulario de inter\u00e9s:<\/p>\n\t\t\t<a href=\"https:\/\/docs.google.com\/forms\/d\/1GMZrp3Bp7JSTY12Gjmz8EMJiSjCEenR2YQatyRJk5Ts\/viewform?edit_requested=true\" target=\"_blank\" rel=\"noopener\">\n\t\t\t\t\t\t\tConectemos\n\t\t\t\t\t<\/a>\n\t\t\t\t<img decoding=\"async\" src=\"https:\/\/doubleupcolorado.org\/wp-content\/uploads\/sites\/16\/2020\/11\/wave_bottom4.svg\" alt=\"wave_bottom4\" itemprop=\"image\" height=\"171\" width=\"1366\" title=\"wave_bottom4\" onerror=\"this.style.display='none'\" loading=\"lazy\" \/>\n<h2>\n\t\t\tFormas de participar\t<\/h2>\n\t<p>\u00a1Ayude a promover el programa a nivel de la comunidad! Accede a nuestros <a href=\"https:\/\/drive.google.com\/drive\/folders\/1Yat86cLpCphe3fLEONB7ZhkD6nkG6mqh?usp=sharing)\">kits de herramientas de divulgaci\u00f3n<\/a> (En ingl\u00e9s), descarga materiales promocionales y comp\u00e1rtelos con tus vecinos y la comunidad en general.<\/p>\n\t\t\t<a href=\"https:\/\/doubleupcolorado.org\/toolkit\/\" target=\"_self\">\n\t\t\t\t\t\t\tVea nuestras herramientas\n\t\t\t\t\t<\/a>\n<h2>\n\t\t\tDescarga materiales de Double Up\t<\/h2>\n\t<p>Descarga carteles y folletos para utilizar en tu comunidad<\/p>\n\t\t\t\t<img decoding=\"async\" src=\"https:\/\/doubleupcolorado.org\/wp-content\/uploads\/sites\/24\/2025\/03\/dufb-colorado-promo-flyers.png\" alt=\"dufb-colorado-promo-flyers\" itemprop=\"image\" height=\"855\" width=\"960\" title=\"dufb-colorado-promo-flyers\" onerror=\"this.style.display='none'\" loading=\"lazy\" \/>\n\t\t\t<a href=\"https:\/\/www.dropbox.com\/scl\/fo\/plqby3l9a91mk9gbfwd8t\/h?rlkey=ilyzs08190tj88zkngh9hm8o1&#038;dl=0\" target=\"_blank\" rel=\"noopener\">\n\t\t\t\t\t\tIngl\u00e9s &#8211; Volantes de Mercado\n\t\t\t\t\t<\/a>\n\t\t\t<a href=\"https:\/\/www.dropbox.com\/scl\/fo\/hmgi6cs0k4mxltm6qt92e\/h?rlkey=kjxwmv6gz7e0qq55821g5od5a&#038;dl=0\" target=\"_blank\" rel=\"noopener\">\n\t\t\t\t\t\tIngl\u00e9s &#8211; Volantes de Tienda\n\t\t\t\t\t<\/a>\n\t\t\t<a href=\"https:\/\/doubleupcolorado.org\/toolkit\/#promotion\" target=\"_self\">\n\t\t\t\t\t\t\tVer m\u00e1s en nuestras herramientas\n\t\t\t\t\t<\/a>\n\t\t\t\t<img decoding=\"async\" src=\"https:\/\/doubleupcolorado.org\/wp-content\/uploads\/sites\/16\/2020\/11\/wave_top1.svg\" alt=\"wave_top1\" itemprop=\"image\" height=\"141\" width=\"1367\" title=\"wave_top1\" onerror=\"this.style.display='none'\" loading=\"lazy\" \/>\n<h2>\n\t\t\tCont\u00e1ctenos para participar \t<\/h2>\n\t<p>\u00bfQuieres ofrecer Double Up en tu comunidad o ayudar a difundirlo? Ponte en contacto con nosotros a trav\u00e9s del siguiente formulario y te enviaremos m\u00e1s informaci\u00f3n.<\/p>\n\t\t\t<a href=\"https:\/\/wkf.ms\/4aGxHPX\" target=\"_blank\" rel=\"noopener\">\n\t\t\t\t\t\t\tCont\u00e1ctenos\n\t\t\t\t\t<\/a>\n\n","protected":false},"excerpt":{"rendered":"<p>Participa En Double Up P\u00e1sate al bando de los pl\u00e1tanos (y las manzanas, y las cerezas) y h\u00e1blales a los dem\u00e1s de Double Up. Ir a \u00danete a nosotros Ofrece Double Up Corre la voz Ponte en contacto con nosotros Ir a \u00danete a la comunidad de Double Up Double Up Food Bucks comenz\u00f3 en&hellip;<\/p>\n","protected":false},"author":4,"featured_media":2195,"parent":0,"menu_order":0,"comment_status":"closed","ping_status":"closed","template":"","meta":{"_acf_changed":false,"inline_featured_image":false,"footnotes":""},"class_list":["post-2271","page","type-page","status-publish","has-post-thumbnail","hentry"],"acf":[],"yoast_head":"<!-- This site is optimized with the Yoast SEO plugin v27.3 - https:\/\/yoast.com\/product\/yoast-seo-wordpress\/ -->\n<title>Participa En Double Up| DUFB Colorado<\/title>\n<meta name=\"description\" content=\"P\u00e1sate al bando de los pl\u00e1tanos (y las manzanas, y las cerezas) y h\u00e1blales a los dem\u00e1s de Double Up.\" \/>\n<meta name=\"robots\" content=\"index, follow, max-snippet:-1, max-image-preview:large, max-video-preview:-1\" \/>\n<link rel=\"canonical\" href=\"https:\/\/doubleupcolorado.org\/es\/participar\/\" \/>\n<meta property=\"og:locale\" content=\"es_ES\" \/>\n<meta property=\"og:type\" content=\"article\" \/>\n<meta property=\"og:title\" content=\"Participa En Double Up| DUFB Colorado\" \/>\n<meta property=\"og:description\" content=\"P\u00e1sate al bando de los pl\u00e1tanos (y las manzanas, y las cerezas) y h\u00e1blales a los dem\u00e1s de Double Up.\" \/>\n<meta property=\"og:url\" content=\"https:\/\/doubleupcolorado.org\/es\/participar\/\" \/>\n<meta property=\"og:site_name\" content=\"Double Up Food Bucks | Colorado\" \/>\n<meta property=\"article:modified_time\" content=\"2025-08-27T20:45:52+00:00\" \/>\n<meta property=\"og:image\" content=\"https:\/\/doubleupcolorado.org\/wp-content\/uploads\/sites\/24\/2022\/01\/get-involved-hero.jpg\" \/>\n\t<meta property=\"og:image:width\" content=\"1600\" \/>\n\t<meta property=\"og:image:height\" content=\"1000\" \/>\n\t<meta property=\"og:image:type\" content=\"image\/jpeg\" \/>\n<meta name=\"twitter:card\" content=\"summary_large_image\" \/>\n<meta name=\"twitter:label1\" content=\"Tiempo de lectura\" \/>\n\t<meta name=\"twitter:data1\" content=\"1 minuto\" \/>\n<script type=\"application\/ld+json\" class=\"yoast-schema-graph\">{\"@context\":\"https:\\\/\\\/schema.org\",\"@graph\":[{\"@type\":\"WebPage\",\"@id\":\"https:\\\/\\\/doubleupcolorado.org\\\/es\\\/participar\\\/\",\"url\":\"https:\\\/\\\/doubleupcolorado.org\\\/es\\\/participar\\\/\",\"name\":\"Participa En Double Up| DUFB Colorado\",\"isPartOf\":{\"@id\":\"https:\\\/\\\/doubleupcolorado.org\\\/es\\\/#website\"},\"primaryImageOfPage\":{\"@id\":\"https:\\\/\\\/doubleupcolorado.org\\\/es\\\/participar\\\/#primaryimage\"},\"image\":{\"@id\":\"https:\\\/\\\/doubleupcolorado.org\\\/es\\\/participar\\\/#primaryimage\"},\"thumbnailUrl\":\"https:\\\/\\\/doubleupcolorado.org\\\/wp-content\\\/uploads\\\/sites\\\/24\\\/2022\\\/01\\\/get-involved-hero.jpg\",\"datePublished\":\"2022-01-25T00:57:58+00:00\",\"dateModified\":\"2025-08-27T20:45:52+00:00\",\"description\":\"P\u00e1sate al bando de los pl\u00e1tanos (y las manzanas, y las cerezas) y h\u00e1blales a los dem\u00e1s de Double Up.\",\"breadcrumb\":{\"@id\":\"https:\\\/\\\/doubleupcolorado.org\\\/es\\\/participar\\\/#breadcrumb\"},\"inLanguage\":\"es\",\"potentialAction\":[{\"@type\":\"ReadAction\",\"target\":[\"https:\\\/\\\/doubleupcolorado.org\\\/es\\\/participar\\\/\"]}]},{\"@type\":\"ImageObject\",\"inLanguage\":\"es\",\"@id\":\"https:\\\/\\\/doubleupcolorado.org\\\/es\\\/participar\\\/#primaryimage\",\"url\":\"https:\\\/\\\/doubleupcolorado.org\\\/wp-content\\\/uploads\\\/sites\\\/24\\\/2022\\\/01\\\/get-involved-hero.jpg\",\"contentUrl\":\"https:\\\/\\\/doubleupcolorado.org\\\/wp-content\\\/uploads\\\/sites\\\/24\\\/2022\\\/01\\\/get-involved-hero.jpg\",\"width\":1600,\"height\":1000,\"caption\":\"A man in a blue shirt harvesting green vegetables in a field\"},{\"@type\":\"BreadcrumbList\",\"@id\":\"https:\\\/\\\/doubleupcolorado.org\\\/es\\\/participar\\\/#breadcrumb\",\"itemListElement\":[{\"@type\":\"ListItem\",\"position\":1,\"name\":\"Home\",\"item\":\"https:\\\/\\\/doubleupcolorado.org\\\/es\\\/\"},{\"@type\":\"ListItem\",\"position\":2,\"name\":\"Participa En Double Up\"}]},{\"@type\":\"WebSite\",\"@id\":\"https:\\\/\\\/doubleupcolorado.org\\\/es\\\/#website\",\"url\":\"https:\\\/\\\/doubleupcolorado.org\\\/es\\\/\",\"name\":\"Double Up Food Bucks | Colorado\",\"description\":\"Get MORE fruits &amp; veggies with Double Up Food Bucks\",\"potentialAction\":[{\"@type\":\"SearchAction\",\"target\":{\"@type\":\"EntryPoint\",\"urlTemplate\":\"https:\\\/\\\/doubleupcolorado.org\\\/es\\\/?s={search_term_string}\"},\"query-input\":{\"@type\":\"PropertyValueSpecification\",\"valueRequired\":true,\"valueName\":\"search_term_string\"}}],\"inLanguage\":\"es\"}]}<\/script>\n<!-- \/ Yoast SEO plugin. -->","yoast_head_json":{"title":"Participa En Double Up| DUFB Colorado","description":"P\u00e1sate al bando de los pl\u00e1tanos (y las manzanas, y las cerezas) y h\u00e1blales a los dem\u00e1s de Double Up.","robots":{"index":"index","follow":"follow","max-snippet":"max-snippet:-1","max-image-preview":"max-image-preview:large","max-video-preview":"max-video-preview:-1"},"canonical":"https:\/\/doubleupcolorado.org\/es\/participar\/","og_locale":"es_ES","og_type":"article","og_title":"Participa En Double Up| DUFB Colorado","og_description":"P\u00e1sate al bando de los pl\u00e1tanos (y las manzanas, y las cerezas) y h\u00e1blales a los dem\u00e1s de Double Up.","og_url":"https:\/\/doubleupcolorado.org\/es\/participar\/","og_site_name":"Double Up Food Bucks | Colorado","article_modified_time":"2025-08-27T20:45:52+00:00","og_image":[{"width":1600,"height":1000,"url":"https:\/\/doubleupcolorado.org\/wp-content\/uploads\/sites\/24\/2022\/01\/get-involved-hero.jpg","type":"image\/jpeg"}],"twitter_card":"summary_large_image","twitter_misc":{"Tiempo de lectura":"1 minuto"},"schema":{"@context":"https:\/\/schema.org","@graph":[{"@type":"WebPage","@id":"https:\/\/doubleupcolorado.org\/es\/participar\/","url":"https:\/\/doubleupcolorado.org\/es\/participar\/","name":"Participa En Double Up| DUFB Colorado","isPartOf":{"@id":"https:\/\/doubleupcolorado.org\/es\/#website"},"primaryImageOfPage":{"@id":"https:\/\/doubleupcolorado.org\/es\/participar\/#primaryimage"},"image":{"@id":"https:\/\/doubleupcolorado.org\/es\/participar\/#primaryimage"},"thumbnailUrl":"https:\/\/doubleupcolorado.org\/wp-content\/uploads\/sites\/24\/2022\/01\/get-involved-hero.jpg","datePublished":"2022-01-25T00:57:58+00:00","dateModified":"2025-08-27T20:45:52+00:00","description":"P\u00e1sate al bando de los pl\u00e1tanos (y las manzanas, y las cerezas) y h\u00e1blales a los dem\u00e1s de Double Up.","breadcrumb":{"@id":"https:\/\/doubleupcolorado.org\/es\/participar\/#breadcrumb"},"inLanguage":"es","potentialAction":[{"@type":"ReadAction","target":["https:\/\/doubleupcolorado.org\/es\/participar\/"]}]},{"@type":"ImageObject","inLanguage":"es","@id":"https:\/\/doubleupcolorado.org\/es\/participar\/#primaryimage","url":"https:\/\/doubleupcolorado.org\/wp-content\/uploads\/sites\/24\/2022\/01\/get-involved-hero.jpg","contentUrl":"https:\/\/doubleupcolorado.org\/wp-content\/uploads\/sites\/24\/2022\/01\/get-involved-hero.jpg","width":1600,"height":1000,"caption":"A man in a blue shirt harvesting green vegetables in a field"},{"@type":"BreadcrumbList","@id":"https:\/\/doubleupcolorado.org\/es\/participar\/#breadcrumb","itemListElement":[{"@type":"ListItem","position":1,"name":"Home","item":"https:\/\/doubleupcolorado.org\/es\/"},{"@type":"ListItem","position":2,"name":"Participa En Double Up"}]},{"@type":"WebSite","@id":"https:\/\/doubleupcolorado.org\/es\/#website","url":"https:\/\/doubleupcolorado.org\/es\/","name":"Double Up Food Bucks | Colorado","description":"Get MORE fruits &amp; veggies with Double Up Food Bucks","potentialAction":[{"@type":"SearchAction","target":{"@type":"EntryPoint","urlTemplate":"https:\/\/doubleupcolorado.org\/es\/?s={search_term_string}"},"query-input":{"@type":"PropertyValueSpecification","valueRequired":true,"valueName":"search_term_string"}}],"inLanguage":"es"}]}},"_links":{"self":[{"href":"https:\/\/doubleupcolorado.org\/es\/wp-json\/wp\/v2\/pages\/2271","targetHints":{"allow":["GET"]}}],"collection":[{"href":"https:\/\/doubleupcolorado.org\/es\/wp-json\/wp\/v2\/pages"}],"about":[{"href":"https:\/\/doubleupcolorado.org\/es\/wp-json\/wp\/v2\/types\/page"}],"author":[{"embeddable":true,"href":"https:\/\/doubleupcolorado.org\/es\/wp-json\/wp\/v2\/users\/4"}],"replies":[{"embeddable":true,"href":"https:\/\/doubleupcolorado.org\/es\/wp-json\/wp\/v2\/comments?post=2271"}],"version-history":[{"count":0,"href":"https:\/\/doubleupcolorado.org\/es\/wp-json\/wp\/v2\/pages\/2271\/revisions"}],"wp:featuredmedia":[{"embeddable":true,"href":"https:\/\/doubleupcolorado.org\/es\/wp-json\/wp\/v2\/media\/2195"}],"wp:attachment":[{"href":"https:\/\/doubleupcolorado.org\/es\/wp-json\/wp\/v2\/media?parent=2271"}],"curies":[{"name":"wp","href":"https:\/\/api.w.org\/{rel}","templated":true}]}}