{"id":2266,"date":"2022-01-24T23:34:13","date_gmt":"2022-01-24T23:34:13","guid":{"rendered":"https:\/\/colorado.doubleupfoodbucks.org\/como-funciona-double-up\/"},"modified":"2025-08-27T15:44:43","modified_gmt":"2025-08-27T20:44:43","slug":"como-funciona-double-up","status":"publish","type":"page","link":"https:\/\/doubleupcolorado.org\/es\/como-funciona-double-up\/","title":{"rendered":"\u00bfC\u00f3mo funciona Double Up Food Bucks?"},"content":{"rendered":"\n<h1>\n\t\t\t\u00bfC\u00f3mo funciona Double Up Food Bucks?\t<\/h1>\n\t\t\t\t<img decoding=\"async\" src=\"https:\/\/doubleupcolorado.org\/wp-content\/uploads\/sites\/24\/2025\/08\/eyufs2cxsximespz1e3.svg\" alt=\"eyufs2cxsximespz1e3\" itemprop=\"image\" height=\"181\" width=\"386\" title=\"eyufs2cxsximespz1e3\" onerror=\"this.style.display='none'\" loading=\"lazy\" \/>\n\t<p>Use su tarjeta EBT de Colorado para obtener m\u00e1s frutas y verduras con Double Up Food Bucks.<\/p>\n\t\t\t\t<img decoding=\"async\" src=\"https:\/\/doubleupcolorado.org\/wp-content\/uploads\/sites\/16\/2020\/10\/arrow_down_white.svg\" alt=\"arrow_down_white\" itemprop=\"image\" height=\"32\" width=\"18\" title=\"arrow_down_white\" onerror=\"this.style.display='none'\" loading=\"lazy\" \/>\n\t\t\t\t<img decoding=\"async\" src=\"https:\/\/doubleupcolorado.org\/wp-content\/uploads\/sites\/16\/2020\/11\/wave_bottom2.svg\" alt=\"wave_bottom2\" itemprop=\"image\" height=\"112\" width=\"1367\" title=\"wave_bottom2\" onerror=\"this.style.display='none'\" loading=\"lazy\" \/>\n    Ir a<br \/>    \n        <a href=\"#what-is-double-up\">\u00bfQu\u00e9 es Double Up?<\/a><br \/>        <a href=\"#farm-stand\">En el puesto de la granja<\/a><br \/>        <a href=\"#grocery-store\">En el supermercado<\/a><br \/>        <a href=\"#farmers-market\">En el Mercado de Agricultores<\/a><br \/>        <a href=\"#faq\">FAQ<\/a><br \/>    <br \/>    Jump To <br \/>\n<h2>\n\t\t\tEs f\u00e1cil empezar\t<\/h2>\n\t<p>Cuando usas tu tarjeta EBT, Double Up iguala tus compras de frutas y verduras d\u00f3lar por d\u00f3lar, hasta $20 al d\u00eda.<\/p>\n<p>Entre 2020 y 2023, los compradores de SNAP canjearon m\u00e1s de 2,5 millones de d\u00f3lares en frutas y verduras en los establecimientos participantes de Double Up en todo Colorado.<\/p>\n\t<p><strong>\u00bfSoy elegible para usar Double Up Food Bucks?<\/strong><\/p>\n<ul>\n<li>Si tiene una tarjeta EBT activa, puede usar Double Up.<\/li>\n<li>Si usted est\u00e1 en SNAP, usted es elegible para Double Up.<\/li>\n<li>\u00a1No es necesario inscribirse!<\/li>\n<\/ul>\n\t\t\t<a href=\"https:\/\/doubleupcolorado.org\/es\/encuentre-una-ubicacion\/\" target=\"_self\">\n\t\t\t\t\t\t\tEncontrar una ubicaci\u00f3n\n\t\t\t\t\t<\/a>\n\t\t\t\t<img decoding=\"async\" src=\"https:\/\/doubleupcolorado.org\/wp-content\/uploads\/sites\/16\/2020\/11\/yellowpepper.svg\" alt=\"Yellow Pepper\" itemprop=\"image\" height=\"210\" width=\"156\" title=\"yellowpepper\" onerror=\"this.style.display='none'\" loading=\"lazy\" \/>\n\t<h3>Enlaces populares<\/h3>\n    <a href=\"https:\/\/peak.my.site.com\/peak\/s\/peak-landing-page?language=es\" target=\"_blank\" rel=\"noopener\">Obtenga una tarjeta EBT<\/a>\n    <a href=\"https:\/\/hungerfreecolorado.org\/find-food\/\">Acceda a m\u00e1s recursos alimentarios<\/a>\n    <a href=\"https:\/\/www.fns.usda.gov\/snap\/supplemental-nutrition-assistance-program\" target=\"_blank\" rel=\"noopener\">M\u00e1s informaci\u00f3n sobre SNAP<\/a>\n\t\t\t\t<img decoding=\"async\" src=\"https:\/\/doubleupcolorado.org\/wp-content\/uploads\/sites\/16\/2020\/11\/wave_bottom4.svg\" alt=\"wave_bottom4\" itemprop=\"image\" height=\"171\" width=\"1366\" title=\"wave_bottom4\" onerror=\"this.style.display='none'\" loading=\"lazy\" \/>\n<h3>\n\t\t\tEn el supermercado\t<\/h3>\n\t<p>1<\/p>\n<h4>\n\t\t\tEncuentre un establecimiento participante cerca de usted\t<\/h4>\n\t<p>Con m\u00e1s de 100 locales participantes <a href=\"\/es\/encuentre-una-ubicacion\/\">en todo Colorado<\/a>, es f\u00e1cil encontrar uno cerca de ti.<\/p>\n\t<p>2<\/p>\n<h4>\n\t\t\tCompre frutas y verduras\t<\/h4>\n\t<p>Mientras compra, no olvide explorar todos los productos que se cultivan aqu\u00ed mismo, en Colorado.<\/p>\n\t<p>3<\/p>\n<h4>\n\t\t\tPague con su tarjeta EBT y obtenga el doble de Food Bucks\t<\/h4>\n\t<p>Por cada d\u00f3lar que gaste con su tarjeta EBT, el supermercado le igualar\u00e1 d\u00f3lar por d\u00f3lar, hasta 20 d\u00f3lares al d\u00eda. Puede usar Double Up Food Bucks para comprar a\u00fan m\u00e1s frutas y verduras en esa tienda (o en otras tiendas participantes) la pr\u00f3xima vez que compre. As\u00ed de sencillo.<\/p>\n<p>\u00bfQu\u00e9 vas a hacer con todos estos productos frescos?<\/p>\n<h3>\n\t\t\tEn el Mercado de Agricultores\t<\/h3>\n\t<p>1<\/p>\n<h4>\n\t\t\tEncuentre un mercado de agricultores participante cerca de usted\t<\/h4>\n\t<p>Con m\u00e1s de 100 locales participantes <a href=\"\/es\/encuentre-una-ubicacion\/\">en todo Colorado<\/a>, es f\u00e1cil encontrar uno cerca de ti.<\/p>\n\t<p>2<\/p>\n<h4>\n\t\t\tBusque a un gerente de mercado o el puesto de informaci\u00f3n\t<\/h4>\n\t<p>Antes de comprar, vaya al puesto de informaci\u00f3n del mercado agr\u00edcola y pregunte por Double Up Food Bucks. El personal del mercado est\u00e1 dispuesto a ayudarle a empezar.<\/p>\n\t<p>3<\/p>\n<h4>\n\t\t\tConsigue tus fichas EBT y Double Up\t<\/h4>\n\t<p>Comunique al personal del mercado cu\u00e1nto quieres gastar de su tarjeta EBT en el mercado.<\/p>\n<p>Por cada $1 que gastes de tu tarjeta EBT, obtendr\u00e1s $1 en Double Up Food Bucks, hasta $20\/d\u00eda.<\/p>\n\t<p>4<\/p>\n<h4>\n\t\t\tCompre alimentos\t<\/h4>\n\t<p>Use sus vales SNAP para comprar cualquier alimento elegible para SNAP, incluyendo pan y carne, y sus vales Double Up para comprar cualquier fruta y verdura cultivada en Colorado. Desde melones Rocky Ford hasta ma\u00edz dulce Olathe y melocotones Palisade, tiene a su disposici\u00f3n una gran variedad de productos.<\/p>\n\t\t\t\t<img decoding=\"async\" src=\"https:\/\/doubleupcolorado.org\/wp-content\/uploads\/sites\/16\/2020\/11\/wave_top1.svg\" alt=\"wave_top1\" itemprop=\"image\" height=\"141\" width=\"1367\" title=\"wave_top1\" onerror=\"this.style.display='none'\" loading=\"lazy\" \/>\n<h2>\n\t\t\t\u00bfTiene preguntas? \t<\/h2>\n\t<p>Si tiene preguntas, visite nuestra p\u00e1gina de Preguntas Frecuentes para obtener m\u00e1s informaci\u00f3n.<\/p>\n\t\t\t<a href=\"https:\/\/doubleupcolorado.org\/es\/preguntas-frecuentes\/\" target=\"_self\">\n\t\t\t\t\t\t\tPreguntas Frecuentes\n\t\t\t\t\t<\/a>\n\n","protected":false},"excerpt":{"rendered":"<p>\u00bfC\u00f3mo funciona Double Up Food Bucks? Use su tarjeta EBT de Colorado para obtener m\u00e1s frutas y verduras con Double Up Food Bucks. Ir a \u00bfQu\u00e9 es Double Up? En el puesto de la granja En el supermercado En el Mercado de Agricultores FAQ Jump To Es f\u00e1cil empezar Cuando usas tu tarjeta EBT, Double&hellip;<\/p>\n","protected":false},"author":4,"featured_media":2209,"parent":0,"menu_order":0,"comment_status":"closed","ping_status":"closed","template":"","meta":{"_acf_changed":false,"inline_featured_image":false,"footnotes":""},"class_list":["post-2266","page","type-page","status-publish","has-post-thumbnail","hentry"],"acf":[],"yoast_head":"<!-- This site is optimized with the Yoast SEO plugin v27.3 - https:\/\/yoast.com\/product\/yoast-seo-wordpress\/ -->\n<title>C\u00f3mo funciona Double Up Food Bucks | DUFB Colorado<\/title>\n<meta name=\"description\" content=\"Use su tarjeta EBT de Colorado para obtener m\u00e1s frutas y verduras con Double Up Food Bucks.\" \/>\n<meta name=\"robots\" content=\"index, follow, max-snippet:-1, max-image-preview:large, max-video-preview:-1\" \/>\n<link rel=\"canonical\" href=\"https:\/\/doubleupcolorado.org\/es\/como-funciona-double-up\/\" \/>\n<meta property=\"og:locale\" content=\"es_ES\" \/>\n<meta property=\"og:type\" content=\"article\" \/>\n<meta property=\"og:title\" content=\"C\u00f3mo funciona Double Up Food Bucks | DUFB Colorado\" \/>\n<meta property=\"og:description\" content=\"Use su tarjeta EBT de Colorado para obtener m\u00e1s frutas y verduras con Double Up Food Bucks.\" \/>\n<meta property=\"og:url\" content=\"https:\/\/doubleupcolorado.org\/es\/como-funciona-double-up\/\" \/>\n<meta property=\"og:site_name\" content=\"Double Up Food Bucks | Colorado\" \/>\n<meta property=\"article:modified_time\" content=\"2025-08-27T20:44:43+00:00\" \/>\n<meta property=\"og:image\" content=\"https:\/\/doubleupcolorado.org\/wp-content\/uploads\/sites\/24\/2022\/01\/how-it-works-hero.jpg\" \/>\n\t<meta property=\"og:image:width\" content=\"1600\" \/>\n\t<meta property=\"og:image:height\" content=\"1000\" \/>\n\t<meta property=\"og:image:type\" content=\"image\/jpeg\" \/>\n<meta name=\"twitter:card\" content=\"summary_large_image\" \/>\n<meta name=\"twitter:label1\" content=\"Tiempo de lectura\" \/>\n\t<meta name=\"twitter:data1\" content=\"5 minutos\" \/>\n<script type=\"application\/ld+json\" class=\"yoast-schema-graph\">{\"@context\":\"https:\\\/\\\/schema.org\",\"@graph\":[{\"@type\":\"WebPage\",\"@id\":\"https:\\\/\\\/doubleupcolorado.org\\\/es\\\/como-funciona-double-up\\\/\",\"url\":\"https:\\\/\\\/doubleupcolorado.org\\\/es\\\/como-funciona-double-up\\\/\",\"name\":\"C\u00f3mo funciona Double Up Food Bucks | DUFB Colorado\",\"isPartOf\":{\"@id\":\"https:\\\/\\\/doubleupcolorado.org\\\/es\\\/#website\"},\"primaryImageOfPage\":{\"@id\":\"https:\\\/\\\/doubleupcolorado.org\\\/es\\\/como-funciona-double-up\\\/#primaryimage\"},\"image\":{\"@id\":\"https:\\\/\\\/doubleupcolorado.org\\\/es\\\/como-funciona-double-up\\\/#primaryimage\"},\"thumbnailUrl\":\"https:\\\/\\\/doubleupcolorado.org\\\/wp-content\\\/uploads\\\/sites\\\/24\\\/2022\\\/01\\\/how-it-works-hero.jpg\",\"datePublished\":\"2022-01-24T23:34:13+00:00\",\"dateModified\":\"2025-08-27T20:44:43+00:00\",\"description\":\"Use su tarjeta EBT de Colorado para obtener m\u00e1s frutas y verduras con Double Up Food Bucks.\",\"breadcrumb\":{\"@id\":\"https:\\\/\\\/doubleupcolorado.org\\\/es\\\/como-funciona-double-up\\\/#breadcrumb\"},\"inLanguage\":\"es\",\"potentialAction\":[{\"@type\":\"ReadAction\",\"target\":[\"https:\\\/\\\/doubleupcolorado.org\\\/es\\\/como-funciona-double-up\\\/\"]}]},{\"@type\":\"ImageObject\",\"inLanguage\":\"es\",\"@id\":\"https:\\\/\\\/doubleupcolorado.org\\\/es\\\/como-funciona-double-up\\\/#primaryimage\",\"url\":\"https:\\\/\\\/doubleupcolorado.org\\\/wp-content\\\/uploads\\\/sites\\\/24\\\/2022\\\/01\\\/how-it-works-hero.jpg\",\"contentUrl\":\"https:\\\/\\\/doubleupcolorado.org\\\/wp-content\\\/uploads\\\/sites\\\/24\\\/2022\\\/01\\\/how-it-works-hero.jpg\",\"width\":1600,\"height\":1000,\"caption\":\"Two women assisting each other at a farmers market stand\"},{\"@type\":\"BreadcrumbList\",\"@id\":\"https:\\\/\\\/doubleupcolorado.org\\\/es\\\/como-funciona-double-up\\\/#breadcrumb\",\"itemListElement\":[{\"@type\":\"ListItem\",\"position\":1,\"name\":\"Home\",\"item\":\"https:\\\/\\\/doubleupcolorado.org\\\/es\\\/\"},{\"@type\":\"ListItem\",\"position\":2,\"name\":\"\u00bfC\u00f3mo funciona Double Up Food Bucks?\"}]},{\"@type\":\"WebSite\",\"@id\":\"https:\\\/\\\/doubleupcolorado.org\\\/es\\\/#website\",\"url\":\"https:\\\/\\\/doubleupcolorado.org\\\/es\\\/\",\"name\":\"Double Up Food Bucks | Colorado\",\"description\":\"Get MORE fruits &amp; veggies with Double Up Food Bucks\",\"potentialAction\":[{\"@type\":\"SearchAction\",\"target\":{\"@type\":\"EntryPoint\",\"urlTemplate\":\"https:\\\/\\\/doubleupcolorado.org\\\/es\\\/?s={search_term_string}\"},\"query-input\":{\"@type\":\"PropertyValueSpecification\",\"valueRequired\":true,\"valueName\":\"search_term_string\"}}],\"inLanguage\":\"es\"}]}<\/script>\n<!-- \/ Yoast SEO plugin. -->","yoast_head_json":{"title":"C\u00f3mo funciona Double Up Food Bucks | DUFB Colorado","description":"Use su tarjeta EBT de Colorado para obtener m\u00e1s frutas y verduras con Double Up Food Bucks.","robots":{"index":"index","follow":"follow","max-snippet":"max-snippet:-1","max-image-preview":"max-image-preview:large","max-video-preview":"max-video-preview:-1"},"canonical":"https:\/\/doubleupcolorado.org\/es\/como-funciona-double-up\/","og_locale":"es_ES","og_type":"article","og_title":"C\u00f3mo funciona Double Up Food Bucks | DUFB Colorado","og_description":"Use su tarjeta EBT de Colorado para obtener m\u00e1s frutas y verduras con Double Up Food Bucks.","og_url":"https:\/\/doubleupcolorado.org\/es\/como-funciona-double-up\/","og_site_name":"Double Up Food Bucks | Colorado","article_modified_time":"2025-08-27T20:44:43+00:00","og_image":[{"width":1600,"height":1000,"url":"https:\/\/doubleupcolorado.org\/wp-content\/uploads\/sites\/24\/2022\/01\/how-it-works-hero.jpg","type":"image\/jpeg"}],"twitter_card":"summary_large_image","twitter_misc":{"Tiempo de lectura":"5 minutos"},"schema":{"@context":"https:\/\/schema.org","@graph":[{"@type":"WebPage","@id":"https:\/\/doubleupcolorado.org\/es\/como-funciona-double-up\/","url":"https:\/\/doubleupcolorado.org\/es\/como-funciona-double-up\/","name":"C\u00f3mo funciona Double Up Food Bucks | DUFB Colorado","isPartOf":{"@id":"https:\/\/doubleupcolorado.org\/es\/#website"},"primaryImageOfPage":{"@id":"https:\/\/doubleupcolorado.org\/es\/como-funciona-double-up\/#primaryimage"},"image":{"@id":"https:\/\/doubleupcolorado.org\/es\/como-funciona-double-up\/#primaryimage"},"thumbnailUrl":"https:\/\/doubleupcolorado.org\/wp-content\/uploads\/sites\/24\/2022\/01\/how-it-works-hero.jpg","datePublished":"2022-01-24T23:34:13+00:00","dateModified":"2025-08-27T20:44:43+00:00","description":"Use su tarjeta EBT de Colorado para obtener m\u00e1s frutas y verduras con Double Up Food Bucks.","breadcrumb":{"@id":"https:\/\/doubleupcolorado.org\/es\/como-funciona-double-up\/#breadcrumb"},"inLanguage":"es","potentialAction":[{"@type":"ReadAction","target":["https:\/\/doubleupcolorado.org\/es\/como-funciona-double-up\/"]}]},{"@type":"ImageObject","inLanguage":"es","@id":"https:\/\/doubleupcolorado.org\/es\/como-funciona-double-up\/#primaryimage","url":"https:\/\/doubleupcolorado.org\/wp-content\/uploads\/sites\/24\/2022\/01\/how-it-works-hero.jpg","contentUrl":"https:\/\/doubleupcolorado.org\/wp-content\/uploads\/sites\/24\/2022\/01\/how-it-works-hero.jpg","width":1600,"height":1000,"caption":"Two women assisting each other at a farmers market stand"},{"@type":"BreadcrumbList","@id":"https:\/\/doubleupcolorado.org\/es\/como-funciona-double-up\/#breadcrumb","itemListElement":[{"@type":"ListItem","position":1,"name":"Home","item":"https:\/\/doubleupcolorado.org\/es\/"},{"@type":"ListItem","position":2,"name":"\u00bfC\u00f3mo funciona Double Up Food Bucks?"}]},{"@type":"WebSite","@id":"https:\/\/doubleupcolorado.org\/es\/#website","url":"https:\/\/doubleupcolorado.org\/es\/","name":"Double Up Food Bucks | Colorado","description":"Get MORE fruits &amp; veggies with Double Up Food Bucks","potentialAction":[{"@type":"SearchAction","target":{"@type":"EntryPoint","urlTemplate":"https:\/\/doubleupcolorado.org\/es\/?s={search_term_string}"},"query-input":{"@type":"PropertyValueSpecification","valueRequired":true,"valueName":"search_term_string"}}],"inLanguage":"es"}]}},"_links":{"self":[{"href":"https:\/\/doubleupcolorado.org\/es\/wp-json\/wp\/v2\/pages\/2266","targetHints":{"allow":["GET"]}}],"collection":[{"href":"https:\/\/doubleupcolorado.org\/es\/wp-json\/wp\/v2\/pages"}],"about":[{"href":"https:\/\/doubleupcolorado.org\/es\/wp-json\/wp\/v2\/types\/page"}],"author":[{"embeddable":true,"href":"https:\/\/doubleupcolorado.org\/es\/wp-json\/wp\/v2\/users\/4"}],"replies":[{"embeddable":true,"href":"https:\/\/doubleupcolorado.org\/es\/wp-json\/wp\/v2\/comments?post=2266"}],"version-history":[{"count":0,"href":"https:\/\/doubleupcolorado.org\/es\/wp-json\/wp\/v2\/pages\/2266\/revisions"}],"wp:featuredmedia":[{"embeddable":true,"href":"https:\/\/doubleupcolorado.org\/es\/wp-json\/wp\/v2\/media\/2209"}],"wp:attachment":[{"href":"https:\/\/doubleupcolorado.org\/es\/wp-json\/wp\/v2\/media?parent=2266"}],"curies":[{"name":"wp","href":"https:\/\/api.w.org\/{rel}","templated":true}]}}